{"id":15629,"date":"2023-11-04T03:15:19","date_gmt":"2023-11-04T02:15:19","guid":{"rendered":"http:\/\/innocentiemangonipiante.it\/tilia-cordata-greenspire\/"},"modified":"2023-11-08T13:50:16","modified_gmt":"2023-11-08T12:50:16","slug":"tilia-cordata-greenspire","status":"publish","type":"product","link":"https:\/\/innocentiemangonipiante.it\/de\/tilia-cordata-greenspire\/","title":{"rendered":"TILIA cordata &#8218;Greenspire&#8216; \u00ae"},"content":{"rendered":"<p>Aufrechter, kr\u00e4ftiger Baum mittlerer Gr\u00f6\u00dfe. Die Baumkrone nimmt bereits in jungen Jahren eine dichte, kegelf\u00f6rmige und regelm\u00e4\u00dfige Form an. Die Bl\u00e4tter sind rundlich, 10 cm lang, leicht konkav auf der Blattoberseite, leuchtend dunkelgr\u00fcn und werden im Herbst goldgelb.<\/p>\n","protected":false},"excerpt":{"rendered":"<p>Aufrechter, kr\u00e4ftiger Baum mittlerer Gr\u00f6\u00dfe. Die Baumkrone nimmt bereits in jungen Jahren eine dichte, kegelf\u00f6rmige und regelm\u00e4\u00dfige Form an. Die Bl\u00e4tter sind rundlich, 10 cm lang, leicht konkav auf der Blattoberseite, leuchtend dunkelgr\u00fcn und werden im Herbst goldgelb.<\/p>\n","protected":false},"featured_media":5805,"template":"","meta":{"_acf_changed":false},"product_brand":[],"product_cat":[8813],"product_tag":[10898,8401,8597],"class_list":{"0":"post-15629","1":"product","2":"type-product","3":"status-publish","4":"has-post-thumbnail","6":"product_cat-laubbaume-und-straucher","7":"product_tag-naturlichen","8":"product_tag-hochstamm","9":"product_tag-multistamm","10":"pa_altezza-massima-15-meter","11":"pa_altezza-massima-20-meter","12":"pa_colore-fioritura-gelbe","13":"pa_condizionamento-clt-de","14":"pa_condizionamento-m-de","15":"pa_famiglia-tiliaceae-de","16":"pa_genere-tilia-de","17":"pa_inquinamento-bestaendigkeit-gegen-smog","18":"pa_origine-u-s-a","19":"pa_periodo-fioritura-august-de","20":"pa_portamento-arrotondato-de","21":"pa_profumo-intensiv","22":"pa_resistenza-climatica-sehr-hoch","23":"pa_resistenza-del-suolo-bestandig-gegen-kalkhaltige-boden","24":"pa_utilizzo-alleen","26":"first","27":"instock","28":"purchasable","29":"product-type-simple"},"acf":[],"_links":{"self":[{"href":"https:\/\/innocentiemangonipiante.it\/de\/wp-json\/wp\/v2\/product\/15629","targetHints":{"allow":["GET"]}}],"collection":[{"href":"https:\/\/innocentiemangonipiante.it\/de\/wp-json\/wp\/v2\/product"}],"about":[{"href":"https:\/\/innocentiemangonipiante.it\/de\/wp-json\/wp\/v2\/types\/product"}],"wp:featuredmedia":[{"embeddable":true,"href":"https:\/\/innocentiemangonipiante.it\/de\/wp-json\/wp\/v2\/media\/5805"}],"wp:attachment":[{"href":"https:\/\/innocentiemangonipiante.it\/de\/wp-json\/wp\/v2\/media?parent=15629"}],"wp:term":[{"taxonomy":"product_brand","embeddable":true,"href":"https:\/\/innocentiemangonipiante.it\/de\/wp-json\/wp\/v2\/product_brand?post=15629"},{"taxonomy":"product_cat","embeddable":true,"href":"https:\/\/innocentiemangonipiante.it\/de\/wp-json\/wp\/v2\/product_cat?post=15629"},{"taxonomy":"product_tag","embeddable":true,"href":"https:\/\/innocentiemangonipiante.it\/de\/wp-json\/wp\/v2\/product_tag?post=15629"}],"curies":[{"name":"wp","href":"https:\/\/api.w.org\/{rel}","templated":true}]}}