{"id":15632,"date":"2023-11-04T03:15:01","date_gmt":"2023-11-04T02:15:01","guid":{"rendered":"http:\/\/innocentiemangonipiante.it\/tilia-americana\/"},"modified":"2023-11-08T13:49:45","modified_gmt":"2023-11-08T12:49:45","slug":"tilia-americana","status":"publish","type":"product","link":"https:\/\/innocentiemangonipiante.it\/de\/tilia-americana\/","title":{"rendered":"TILIA americana"},"content":{"rendered":"<p>Breit s\u00e4ulenf\u00f6rmiger Baum mit eif\u00f6rmigen bis rundlichen, matt dunkelgr\u00fcnen Blattoberseiten und leuchtend gr\u00fcnen Blattunterseiten. Die Bl\u00e4tter sind bis 20 cm lang. Mitte Sommer nach unten h\u00e4ngende Dolden mit 10-15 gelben Bl\u00fcten. Sch\u00f6ne Sorte f\u00fcr Nutzung als Einzelst\u00fcck. Geeignet f\u00fcr Meer- und Seelagen.<\/p>\n","protected":false},"excerpt":{"rendered":"<p>Breit s\u00e4ulenf\u00f6rmiger Baum mit eif\u00f6rmigen bis rundlichen, matt dunkelgr\u00fcnen Blattoberseiten und leuchtend gr\u00fcnen Blattunterseiten. Die Bl\u00e4tter sind bis 20 cm lang. Mitte Sommer nach unten h\u00e4ngende Dolden mit 10-15 gelben Bl\u00fcten. Sch\u00f6ne Sorte f\u00fcr Nutzung als Einzelst\u00fcck. Geeignet f\u00fcr Meer- und Seelagen.<\/p>\n","protected":false},"featured_media":5787,"template":"","meta":{"_acf_changed":false},"product_brand":[],"product_cat":[8813],"product_tag":[10898,8401],"class_list":{"0":"post-15632","1":"product","2":"type-product","3":"status-publish","4":"has-post-thumbnail","6":"product_cat-laubbaume-und-straucher","7":"product_tag-naturlichen","8":"product_tag-hochstamm","9":"pa_altezza-massima-20-meter","10":"pa_altezza-massima-25-meter","11":"pa_colore-fioritura-gelbe","12":"pa_condizionamento-clt-de","13":"pa_condizionamento-jungplanzen","14":"pa_condizionamento-m-de","15":"pa_famiglia-tiliaceae-de","16":"pa_genere-tilia-de","17":"pa_inquinamento-bestaendigkeit-gegen-smog","18":"pa_origine-u-s-a","19":"pa_periodo-fioritura-august-de","20":"pa_portamento-arrotondato-de","21":"pa_profumo-intensiv","22":"pa_resistenza-climatica-sehr-hoch","23":"pa_resistenza-del-suolo-bestandig-gegen-kalkhaltige-boden","24":"pa_utilizzo-alleen","25":"pa_utilizzo-parks-de","27":"first","28":"instock","29":"purchasable","30":"product-type-simple"},"acf":[],"_links":{"self":[{"href":"https:\/\/innocentiemangonipiante.it\/de\/wp-json\/wp\/v2\/product\/15632","targetHints":{"allow":["GET"]}}],"collection":[{"href":"https:\/\/innocentiemangonipiante.it\/de\/wp-json\/wp\/v2\/product"}],"about":[{"href":"https:\/\/innocentiemangonipiante.it\/de\/wp-json\/wp\/v2\/types\/product"}],"wp:featuredmedia":[{"embeddable":true,"href":"https:\/\/innocentiemangonipiante.it\/de\/wp-json\/wp\/v2\/media\/5787"}],"wp:attachment":[{"href":"https:\/\/innocentiemangonipiante.it\/de\/wp-json\/wp\/v2\/media?parent=15632"}],"wp:term":[{"taxonomy":"product_brand","embeddable":true,"href":"https:\/\/innocentiemangonipiante.it\/de\/wp-json\/wp\/v2\/product_brand?post=15632"},{"taxonomy":"product_cat","embeddable":true,"href":"https:\/\/innocentiemangonipiante.it\/de\/wp-json\/wp\/v2\/product_cat?post=15632"},{"taxonomy":"product_tag","embeddable":true,"href":"https:\/\/innocentiemangonipiante.it\/de\/wp-json\/wp\/v2\/product_tag?post=15632"}],"curies":[{"name":"wp","href":"https:\/\/api.w.org\/{rel}","templated":true}]}}