{"id":15633,"date":"2023-11-04T03:17:21","date_gmt":"2023-11-04T02:17:21","guid":{"rendered":"http:\/\/innocentiemangonipiante.it\/trachycarpus-fortunei-wagnerianus\/"},"modified":"2023-11-08T13:51:42","modified_gmt":"2023-11-08T12:51:42","slug":"trachycarpus-fortunei-wagnerianus","status":"publish","type":"product","link":"https:\/\/innocentiemangonipiante.it\/de\/trachycarpus-fortunei-wagnerianus\/","title":{"rendered":"TRACHYCARPUS fortunei &#8218;Wagnerianus&#8216;"},"content":{"rendered":"<p>Eine st\u00e4rkere Sorte von T. fortunei mit kleineren Bl\u00e4ttern und kompakten Wuchs. Sehr tolerant gegen K\u00e4lte und Feuchtigkeit.<\/p>\n","protected":false},"excerpt":{"rendered":"<p>Eine st\u00e4rkere Sorte von T. fortunei mit kleineren Bl\u00e4ttern und kompakten Wuchs. Sehr tolerant gegen K\u00e4lte und Feuchtigkeit.<\/p>\n","protected":false},"featured_media":5878,"template":"","meta":{"_acf_changed":false},"product_brand":[],"product_cat":[8832],"product_tag":[10898],"class_list":{"0":"post-15633","1":"product","2":"type-product","3":"status-publish","4":"has-post-thumbnail","6":"product_cat-palmartig-und-saftig","7":"product_tag-naturlichen","8":"pa_altezza-massima-400-de","9":"pa_altezza-massima-600-de","10":"pa_colore-fioritura-gelbe","11":"pa_condizionamento-clt-de","12":"pa_famiglia-palmae-de","13":"pa_genere-trachycarpus-de","14":"pa_origine-japan-de","15":"pa_periodo-fioritura-juni","16":"pa_portamento-eretto-de","17":"pa_resistenza-climatica-mittel-hoch","18":"pa_resistenza-del-suolo-bestandig-gegen-kalkhaltige-boden","19":"pa_resistenza-del-suolo-bestandig-gegen-trockene-boden","20":"pa_resistenza-del-suolo-bestandigkeit-auf-feuchten-boden","21":"pa_utilizzo-kleine-gaerten","22":"pa_utilizzo-parks-de","24":"first","25":"instock","26":"purchasable","27":"product-type-simple"},"acf":[],"_links":{"self":[{"href":"https:\/\/innocentiemangonipiante.it\/de\/wp-json\/wp\/v2\/product\/15633","targetHints":{"allow":["GET"]}}],"collection":[{"href":"https:\/\/innocentiemangonipiante.it\/de\/wp-json\/wp\/v2\/product"}],"about":[{"href":"https:\/\/innocentiemangonipiante.it\/de\/wp-json\/wp\/v2\/types\/product"}],"wp:featuredmedia":[{"embeddable":true,"href":"https:\/\/innocentiemangonipiante.it\/de\/wp-json\/wp\/v2\/media\/5878"}],"wp:attachment":[{"href":"https:\/\/innocentiemangonipiante.it\/de\/wp-json\/wp\/v2\/media?parent=15633"}],"wp:term":[{"taxonomy":"product_brand","embeddable":true,"href":"https:\/\/innocentiemangonipiante.it\/de\/wp-json\/wp\/v2\/product_brand?post=15633"},{"taxonomy":"product_cat","embeddable":true,"href":"https:\/\/innocentiemangonipiante.it\/de\/wp-json\/wp\/v2\/product_cat?post=15633"},{"taxonomy":"product_tag","embeddable":true,"href":"https:\/\/innocentiemangonipiante.it\/de\/wp-json\/wp\/v2\/product_tag?post=15633"}],"curies":[{"name":"wp","href":"https:\/\/api.w.org\/{rel}","templated":true}]}}