{"id":15635,"date":"2023-11-04T03:16:40","date_gmt":"2023-11-04T02:16:40","guid":{"rendered":"http:\/\/innocentiemangonipiante.it\/trachycarpus-fortunei\/"},"modified":"2023-11-08T13:50:52","modified_gmt":"2023-11-08T12:50:52","slug":"trachycarpus-fortunei","status":"publish","type":"product","link":"https:\/\/innocentiemangonipiante.it\/de\/trachycarpus-fortunei\/","title":{"rendered":"TRACHYCARPUS fortunei"},"content":{"rendered":"<p>Aufrechte Palme mit einem durch die faserigen Blattf\u00fc\u00dfe markiertem Stamm. Die dunkelgr\u00fcnen, gefingerten, f\u00e4cherf\u00f6rmigen Bl\u00e4tter bestehen aus zahlreichen, spitzen Segmenten, die meist bis zur Blattmitte gelappt sind. Anfang Sommer gro\u00dfe Rispen mit kleinen gelben Bl\u00fcten.<\/p>\n","protected":false},"excerpt":{"rendered":"<p>Aufrechte Palme mit einem durch die faserigen Blattf\u00fc\u00dfe markiertem Stamm. Die dunkelgr\u00fcnen, gefingerten, f\u00e4cherf\u00f6rmigen Bl\u00e4tter bestehen aus zahlreichen, spitzen Segmenten, die meist bis zur Blattmitte gelappt sind. Anfang Sommer gro\u00dfe Rispen mit kleinen gelben Bl\u00fcten.<\/p>\n","protected":false},"featured_media":5866,"template":"","meta":{"_acf_changed":false},"product_brand":[],"product_cat":[8832,9231],"product_tag":[10898,8597],"class_list":{"0":"post-15635","1":"product","2":"type-product","3":"status-publish","4":"has-post-thumbnail","6":"product_cat-palmartig-und-saftig","7":"product_cat-baume-und-pflanzen-der-zukunft","8":"product_tag-naturlichen","9":"product_tag-multistamm","10":"pa_altezza-massima-15-meter","11":"pa_altezza-massima-20-meter","12":"pa_colore-fioritura-gelbe","13":"pa_condizionamento-clt-de","14":"pa_condizionamento-jungplanzen","15":"pa_famiglia-palmae-de","16":"pa_genere-trachycarpus-de","17":"pa_origine-asien","18":"pa_periodo-fioritura-juni","19":"pa_portamento-eretto-de","20":"pa_resistenza-climatica-mittel-hoch","21":"pa_resistenza-del-suolo-bestandigkeit-auf-feuchten-boden","22":"pa_salinita-bestaendigkeit-in-meeresluft","23":"pa_utilizzo-alleen","24":"pa_utilizzo-parks-de","26":"first","27":"instock","28":"purchasable","29":"product-type-simple"},"acf":[],"_links":{"self":[{"href":"https:\/\/innocentiemangonipiante.it\/de\/wp-json\/wp\/v2\/product\/15635","targetHints":{"allow":["GET"]}}],"collection":[{"href":"https:\/\/innocentiemangonipiante.it\/de\/wp-json\/wp\/v2\/product"}],"about":[{"href":"https:\/\/innocentiemangonipiante.it\/de\/wp-json\/wp\/v2\/types\/product"}],"wp:featuredmedia":[{"embeddable":true,"href":"https:\/\/innocentiemangonipiante.it\/de\/wp-json\/wp\/v2\/media\/5866"}],"wp:attachment":[{"href":"https:\/\/innocentiemangonipiante.it\/de\/wp-json\/wp\/v2\/media?parent=15635"}],"wp:term":[{"taxonomy":"product_brand","embeddable":true,"href":"https:\/\/innocentiemangonipiante.it\/de\/wp-json\/wp\/v2\/product_brand?post=15635"},{"taxonomy":"product_cat","embeddable":true,"href":"https:\/\/innocentiemangonipiante.it\/de\/wp-json\/wp\/v2\/product_cat?post=15635"},{"taxonomy":"product_tag","embeddable":true,"href":"https:\/\/innocentiemangonipiante.it\/de\/wp-json\/wp\/v2\/product_tag?post=15635"}],"curies":[{"name":"wp","href":"https:\/\/api.w.org\/{rel}","templated":true}]}}