{"id":15636,"date":"2023-11-04T03:17:36","date_gmt":"2023-11-04T02:17:36","guid":{"rendered":"http:\/\/innocentiemangonipiante.it\/tulbaghia-violacea-variegata\/"},"modified":"2023-11-08T13:51:50","modified_gmt":"2023-11-08T12:51:50","slug":"tulbaghia-violacea-variegata","status":"publish","type":"product","link":"https:\/\/innocentiemangonipiante.it\/de\/tulbaghia-violacea-variegata\/","title":{"rendered":"TULBAGHIA violacea &#8218;Variegata&#8216;"},"content":{"rendered":"<p>Die Bl\u00e4tter sind weiss-panachiert und die Bl\u00fcten gr\u00f6sser von 2 bis 4 cm lang.<\/p>\n","protected":false},"excerpt":{"rendered":"<p>Die Bl\u00e4tter sind weiss-panachiert und die Bl\u00fcten gr\u00f6sser von 2 bis 4 cm lang.<\/p>\n","protected":false},"featured_media":5895,"template":"","meta":{"_acf_changed":false},"product_brand":[],"product_cat":[8318],"product_tag":[10898],"class_list":{"0":"post-15636","1":"product","2":"type-product","3":"status-publish","4":"has-post-thumbnail","6":"product_cat-keine-kategorie","7":"product_tag-naturlichen","8":"pa_altezza-massima-0_50-meter","9":"pa_altezza-massima-0_75-meter","10":"pa_colore-delle-foglie-vielfaeltigen","11":"pa_colore-fioritura-lila","12":"pa_condizionamento-clt-de","13":"pa_famiglia-amaryllidaceae-de","14":"pa_genere-tulbaghia-de","15":"pa_origine-sudafrika","16":"pa_periodo-fioritura-august-de","17":"pa_periodo-fioritura-juli","18":"pa_periodo-fioritura-september-de","19":"pa_portamento-arrotondato-de","20":"pa_resistenza-climatica-mittel","21":"pa_resistenza-del-suolo-bestandig-gegen-kalkhaltige-boden","22":"pa_resistenza-del-suolo-bestandig-gegen-trockene-boden","23":"pa_utilizzo-balkone","24":"pa_utilizzo-bordueren","25":"pa_utilizzo-kleine-gaerten","26":"pa_utilizzo-parks-de","28":"first","29":"instock","30":"purchasable","31":"product-type-simple"},"acf":[],"_links":{"self":[{"href":"https:\/\/innocentiemangonipiante.it\/de\/wp-json\/wp\/v2\/product\/15636","targetHints":{"allow":["GET"]}}],"collection":[{"href":"https:\/\/innocentiemangonipiante.it\/de\/wp-json\/wp\/v2\/product"}],"about":[{"href":"https:\/\/innocentiemangonipiante.it\/de\/wp-json\/wp\/v2\/types\/product"}],"wp:featuredmedia":[{"embeddable":true,"href":"https:\/\/innocentiemangonipiante.it\/de\/wp-json\/wp\/v2\/media\/5895"}],"wp:attachment":[{"href":"https:\/\/innocentiemangonipiante.it\/de\/wp-json\/wp\/v2\/media?parent=15636"}],"wp:term":[{"taxonomy":"product_brand","embeddable":true,"href":"https:\/\/innocentiemangonipiante.it\/de\/wp-json\/wp\/v2\/product_brand?post=15636"},{"taxonomy":"product_cat","embeddable":true,"href":"https:\/\/innocentiemangonipiante.it\/de\/wp-json\/wp\/v2\/product_cat?post=15636"},{"taxonomy":"product_tag","embeddable":true,"href":"https:\/\/innocentiemangonipiante.it\/de\/wp-json\/wp\/v2\/product_tag?post=15636"}],"curies":[{"name":"wp","href":"https:\/\/api.w.org\/{rel}","templated":true}]}}