{"id":15637,"date":"2023-11-04T03:17:28","date_gmt":"2023-11-04T02:17:28","guid":{"rendered":"http:\/\/innocentiemangonipiante.it\/tulbaghia-violacea\/"},"modified":"2023-11-08T13:51:45","modified_gmt":"2023-11-08T12:51:45","slug":"tulbaghia-violacea","status":"publish","type":"product","link":"https:\/\/innocentiemangonipiante.it\/de\/tulbaghia-violacea\/","title":{"rendered":"TULBAGHIA violacea"},"content":{"rendered":"<p>Perennierende Pflanze, mit linearen, gr\u00fcn-grauen bis 30 cm langen Bl\u00e4ttern. Von Mitte Sommer bis Anfang Herbst produziert es lilafarbene duftende Bl\u00fcten.<\/p>\n","protected":false},"excerpt":{"rendered":"<p>Perennierende Pflanze, mit linearen, gr\u00fcn-grauen bis 30 cm langen Bl\u00e4ttern. Von Mitte Sommer bis Anfang Herbst produziert es lilafarbene duftende Bl\u00fcten.<\/p>\n","protected":false},"featured_media":5889,"template":"","meta":{"_acf_changed":false},"product_brand":[],"product_cat":[8318],"product_tag":[10898],"class_list":{"0":"post-15637","1":"product","2":"type-product","3":"status-publish","4":"has-post-thumbnail","6":"product_cat-keine-kategorie","7":"product_tag-naturlichen","8":"pa_altezza-massima-0_50-meter","9":"pa_altezza-massima-0_75-meter","10":"pa_colore-fioritura-lila","11":"pa_condizionamento-clt-de","12":"pa_famiglia-amaryllidaceae-de","13":"pa_genere-tulbaghia-de","14":"pa_origine-sudafrika","15":"pa_periodo-fioritura-august-de","16":"pa_periodo-fioritura-oktober","17":"pa_periodo-fioritura-september-de","18":"pa_portamento-arrotondato-de","19":"pa_resistenza-climatica-mittel","20":"pa_resistenza-del-suolo-bestandig-gegen-kalkhaltige-boden","21":"pa_resistenza-del-suolo-bestandig-gegen-trockene-boden","22":"pa_utilizzo-balkone","23":"pa_utilizzo-bordueren","24":"pa_utilizzo-kleine-gaerten","25":"pa_utilizzo-parks-de","27":"first","28":"instock","29":"purchasable","30":"product-type-simple"},"acf":[],"_links":{"self":[{"href":"https:\/\/innocentiemangonipiante.it\/de\/wp-json\/wp\/v2\/product\/15637","targetHints":{"allow":["GET"]}}],"collection":[{"href":"https:\/\/innocentiemangonipiante.it\/de\/wp-json\/wp\/v2\/product"}],"about":[{"href":"https:\/\/innocentiemangonipiante.it\/de\/wp-json\/wp\/v2\/types\/product"}],"wp:featuredmedia":[{"embeddable":true,"href":"https:\/\/innocentiemangonipiante.it\/de\/wp-json\/wp\/v2\/media\/5889"}],"wp:attachment":[{"href":"https:\/\/innocentiemangonipiante.it\/de\/wp-json\/wp\/v2\/media?parent=15637"}],"wp:term":[{"taxonomy":"product_brand","embeddable":true,"href":"https:\/\/innocentiemangonipiante.it\/de\/wp-json\/wp\/v2\/product_brand?post=15637"},{"taxonomy":"product_cat","embeddable":true,"href":"https:\/\/innocentiemangonipiante.it\/de\/wp-json\/wp\/v2\/product_cat?post=15637"},{"taxonomy":"product_tag","embeddable":true,"href":"https:\/\/innocentiemangonipiante.it\/de\/wp-json\/wp\/v2\/product_tag?post=15637"}],"curies":[{"name":"wp","href":"https:\/\/api.w.org\/{rel}","templated":true}]}}