{"id":15639,"date":"2023-11-04T03:18:16","date_gmt":"2023-11-04T02:18:16","guid":{"rendered":"http:\/\/innocentiemangonipiante.it\/ulmus-x-sapporo-autumn-gold\/"},"modified":"2023-11-08T13:52:28","modified_gmt":"2023-11-08T12:52:28","slug":"ulmus-x-sapporo-autumn-gold","status":"publish","type":"product","link":"https:\/\/innocentiemangonipiante.it\/de\/ulmus-x-sapporo-autumn-gold\/","title":{"rendered":"ULMUS x &#8218;Sapporo Autumn Gold&#8216; \u00ae"},"content":{"rendered":"<p>Sommergr\u00fcner, kegelf\u00f6rmiger Baum mit aufrechten Zweigen, die, ovale, glatte, gez\u00e4hnte, gl\u00e4nzende und dunkelgr\u00fcne Bl\u00e4tter tragen, die im Herbst goldgelb werden. Eine gegen \u2018Graphiose\u2019 sehr widerstandsf\u00e4hige Veredelung.<\/p>\n","protected":false},"excerpt":{"rendered":"<p>Sommergr\u00fcner, kegelf\u00f6rmiger Baum mit aufrechten Zweigen, die, ovale, glatte, gez\u00e4hnte, gl\u00e4nzende und dunkelgr\u00fcne Bl\u00e4tter tragen, die im Herbst goldgelb werden. Eine gegen \u2018Graphiose\u2019 sehr widerstandsf\u00e4hige Veredelung.<\/p>\n","protected":false},"featured_media":5925,"template":"","meta":{"_acf_changed":false},"product_brand":[],"product_cat":[8813],"product_tag":[10898,8401],"class_list":{"0":"post-15639","1":"product","2":"type-product","3":"status-publish","4":"has-post-thumbnail","6":"product_cat-laubbaume-und-straucher","7":"product_tag-naturlichen","8":"product_tag-hochstamm","9":"pa_altezza-massima-1000-de-2","10":"pa_altezza-massima-15-meter","11":"pa_condizionamento-clt-de","12":"pa_condizionamento-m-de","13":"pa_famiglia-ulmaceae-de","14":"pa_genere-ulmus-de","15":"pa_origine-europe-de","16":"pa_portamento-eretto-de","17":"pa_resistenza-climatica-sehr-hoch","18":"pa_salinita-bestaendigkeit-in-meeresluft","19":"pa_utilizzo-alleen","20":"pa_utilizzo-kleine-gaerten","22":"first","23":"instock","24":"purchasable","25":"product-type-simple"},"acf":[],"_links":{"self":[{"href":"https:\/\/innocentiemangonipiante.it\/de\/wp-json\/wp\/v2\/product\/15639","targetHints":{"allow":["GET"]}}],"collection":[{"href":"https:\/\/innocentiemangonipiante.it\/de\/wp-json\/wp\/v2\/product"}],"about":[{"href":"https:\/\/innocentiemangonipiante.it\/de\/wp-json\/wp\/v2\/types\/product"}],"wp:featuredmedia":[{"embeddable":true,"href":"https:\/\/innocentiemangonipiante.it\/de\/wp-json\/wp\/v2\/media\/5925"}],"wp:attachment":[{"href":"https:\/\/innocentiemangonipiante.it\/de\/wp-json\/wp\/v2\/media?parent=15639"}],"wp:term":[{"taxonomy":"product_brand","embeddable":true,"href":"https:\/\/innocentiemangonipiante.it\/de\/wp-json\/wp\/v2\/product_brand?post=15639"},{"taxonomy":"product_cat","embeddable":true,"href":"https:\/\/innocentiemangonipiante.it\/de\/wp-json\/wp\/v2\/product_cat?post=15639"},{"taxonomy":"product_tag","embeddable":true,"href":"https:\/\/innocentiemangonipiante.it\/de\/wp-json\/wp\/v2\/product_tag?post=15639"}],"curies":[{"name":"wp","href":"https:\/\/api.w.org\/{rel}","templated":true}]}}