{"id":15640,"date":"2023-11-04T03:17:59","date_gmt":"2023-11-04T02:17:59","guid":{"rendered":"http:\/\/innocentiemangonipiante.it\/ulmus-pumila\/"},"modified":"2023-11-08T13:52:00","modified_gmt":"2023-11-08T12:52:00","slug":"ulmus-pumila","status":"publish","type":"product","link":"https:\/\/innocentiemangonipiante.it\/de\/ulmus-pumila\/","title":{"rendered":"ULMUS pumila"},"content":{"rendered":"<p>Siberianer Ulm. Sommergr\u00fcner Baum mt aufrechtem Wachstum. Die dunkelgr\u00fcnen, gez\u00e4hnten Bl\u00e4tter sind elliptisch-eif\u00f6rmig.<\/p>\n","protected":false},"excerpt":{"rendered":"<p>Siberianer Ulm. Sommergr\u00fcner Baum mt aufrechtem Wachstum. Die dunkelgr\u00fcnen, gez\u00e4hnten Bl\u00e4tter sind elliptisch-eif\u00f6rmig.<\/p>\n","protected":false},"featured_media":5913,"template":"","meta":{"_acf_changed":false},"product_brand":[],"product_cat":[8813],"product_tag":[10898,8401],"class_list":{"0":"post-15640","1":"product","2":"type-product","3":"status-publish","4":"has-post-thumbnail","6":"product_cat-laubbaume-und-straucher","7":"product_tag-naturlichen","8":"product_tag-hochstamm","9":"pa_altezza-massima-20-meter","10":"pa_altezza-massima-30-meter","11":"pa_condizionamento-m-de","12":"pa_famiglia-ulmaceae-de","13":"pa_genere-ulmus-de","14":"pa_inquinamento-bestaendigkeit-gegen-smog","15":"pa_origine-sibirien","16":"pa_portamento-arrotondato-de","17":"pa_resistenza-climatica-sehr-hoch","18":"pa_resistenza-del-suolo-bestandig-gegen-kalkhaltige-boden","19":"pa_resistenza-del-suolo-resistent-gegen-arme-boeden","20":"pa_utilizzo-parks-de","22":"first","23":"instock","24":"purchasable","25":"product-type-simple"},"acf":[],"_links":{"self":[{"href":"https:\/\/innocentiemangonipiante.it\/de\/wp-json\/wp\/v2\/product\/15640","targetHints":{"allow":["GET"]}}],"collection":[{"href":"https:\/\/innocentiemangonipiante.it\/de\/wp-json\/wp\/v2\/product"}],"about":[{"href":"https:\/\/innocentiemangonipiante.it\/de\/wp-json\/wp\/v2\/types\/product"}],"wp:featuredmedia":[{"embeddable":true,"href":"https:\/\/innocentiemangonipiante.it\/de\/wp-json\/wp\/v2\/media\/5913"}],"wp:attachment":[{"href":"https:\/\/innocentiemangonipiante.it\/de\/wp-json\/wp\/v2\/media?parent=15640"}],"wp:term":[{"taxonomy":"product_brand","embeddable":true,"href":"https:\/\/innocentiemangonipiante.it\/de\/wp-json\/wp\/v2\/product_brand?post=15640"},{"taxonomy":"product_cat","embeddable":true,"href":"https:\/\/innocentiemangonipiante.it\/de\/wp-json\/wp\/v2\/product_cat?post=15640"},{"taxonomy":"product_tag","embeddable":true,"href":"https:\/\/innocentiemangonipiante.it\/de\/wp-json\/wp\/v2\/product_tag?post=15640"}],"curies":[{"name":"wp","href":"https:\/\/api.w.org\/{rel}","templated":true}]}}