{"id":15641,"date":"2023-11-04T03:18:10","date_gmt":"2023-11-04T02:18:10","guid":{"rendered":"http:\/\/innocentiemangonipiante.it\/ulmus-x-lutece\/"},"modified":"2023-11-08T13:52:02","modified_gmt":"2023-11-08T12:52:02","slug":"ulmus-x-lutece","status":"publish","type":"product","link":"https:\/\/innocentiemangonipiante.it\/de\/ulmus-x-lutece\/","title":{"rendered":"ULMUS x &#8218;Lutece&#8216; \u00ae"},"content":{"rendered":"<p>Widerstandsf\u00e4hig gegen die Ulmenkrankheit. Glatte Rinde und kompaktes Laub mit dunkelgr\u00fcnen Bl\u00e4ttern, die im Herbst Gold-Gelb werden. Sehr geeignet f\u00fcr Strassebepflanzungen.<\/p>\n","protected":false},"excerpt":{"rendered":"<p>Widerstandsf\u00e4hig gegen die Ulmenkrankheit. Glatte Rinde und kompaktes Laub mit dunkelgr\u00fcnen Bl\u00e4ttern, die im Herbst Gold-Gelb werden. Sehr geeignet f\u00fcr Strassebepflanzungen.<\/p>\n","protected":false},"featured_media":5919,"template":"","meta":{"_acf_changed":false},"product_brand":[],"product_cat":[8813],"product_tag":[10898,8401],"class_list":{"0":"post-15641","1":"product","2":"type-product","3":"status-publish","4":"has-post-thumbnail","6":"product_cat-laubbaume-und-straucher","7":"product_tag-naturlichen","8":"product_tag-hochstamm","9":"pa_altezza-massima-15-meter","10":"pa_altezza-massima-25-meter","11":"pa_condizionamento-m-de","12":"pa_famiglia-ulmaceae-de","13":"pa_genere-ulmus-de","14":"pa_inquinamento-bestaendigkeit-gegen-smog","15":"pa_origine-holland-de","16":"pa_portamento-saulenformig","17":"pa_resistenza-climatica-sehr-hoch","18":"pa_resistenza-del-suolo-bestandig-gegen-kalkhaltige-boden","19":"pa_resistenza-del-suolo-resistent-gegen-arme-boeden","20":"pa_utilizzo-alleen","22":"first","23":"instock","24":"purchasable","25":"product-type-simple"},"acf":[],"_links":{"self":[{"href":"https:\/\/innocentiemangonipiante.it\/de\/wp-json\/wp\/v2\/product\/15641","targetHints":{"allow":["GET"]}}],"collection":[{"href":"https:\/\/innocentiemangonipiante.it\/de\/wp-json\/wp\/v2\/product"}],"about":[{"href":"https:\/\/innocentiemangonipiante.it\/de\/wp-json\/wp\/v2\/types\/product"}],"wp:featuredmedia":[{"embeddable":true,"href":"https:\/\/innocentiemangonipiante.it\/de\/wp-json\/wp\/v2\/media\/5919"}],"wp:attachment":[{"href":"https:\/\/innocentiemangonipiante.it\/de\/wp-json\/wp\/v2\/media?parent=15641"}],"wp:term":[{"taxonomy":"product_brand","embeddable":true,"href":"https:\/\/innocentiemangonipiante.it\/de\/wp-json\/wp\/v2\/product_brand?post=15641"},{"taxonomy":"product_cat","embeddable":true,"href":"https:\/\/innocentiemangonipiante.it\/de\/wp-json\/wp\/v2\/product_cat?post=15641"},{"taxonomy":"product_tag","embeddable":true,"href":"https:\/\/innocentiemangonipiante.it\/de\/wp-json\/wp\/v2\/product_tag?post=15641"}],"curies":[{"name":"wp","href":"https:\/\/api.w.org\/{rel}","templated":true}]}}