{"id":15642,"date":"2023-11-04T03:17:42","date_gmt":"2023-11-04T02:17:42","guid":{"rendered":"http:\/\/innocentiemangonipiante.it\/ulmus-glabra-pendula\/"},"modified":"2023-11-08T13:51:52","modified_gmt":"2023-11-08T12:51:52","slug":"ulmus-glabra-pendula","status":"publish","type":"product","link":"https:\/\/innocentiemangonipiante.it\/de\/ulmus-glabra-pendula\/","title":{"rendered":"ULMUS glabra &#8218;Pendula&#8216;"},"content":{"rendered":"<p>Sommergr\u00fcner Baum mit h\u00e4ngendem Wuchs. Die dunkelgr\u00fcne und ovalen Bl\u00e4tte sind bis 15 cm lang.<\/p>\n","protected":false},"excerpt":{"rendered":"<p>Sommergr\u00fcner Baum mit h\u00e4ngendem Wuchs. Die dunkelgr\u00fcne und ovalen Bl\u00e4tte sind bis 15 cm lang.<\/p>\n","protected":false},"featured_media":5901,"template":"","meta":{"_acf_changed":false},"product_brand":[],"product_cat":[8813],"product_tag":[10898,8401],"class_list":{"0":"post-15642","1":"product","2":"type-product","3":"status-publish","4":"has-post-thumbnail","6":"product_cat-laubbaume-und-straucher","7":"product_tag-naturlichen","8":"product_tag-hochstamm","9":"pa_altezza-massima-800-de","10":"pa_altezza-massima-1000-de-2","11":"pa_colore-fioritura-gelbe","12":"pa_condizionamento-clt-de","13":"pa_condizionamento-m-de","14":"pa_famiglia-ulmaceae-de","15":"pa_genere-ulmus-de","16":"pa_inquinamento-bestaendigkeit-gegen-smog","17":"pa_origine-sudeuropa-de","18":"pa_portamento-piangente-de","19":"pa_resistenza-climatica-sehr-hoch","20":"pa_resistenza-del-suolo-bestandig-gegen-kalkhaltige-boden","21":"pa_resistenza-del-suolo-resistent-gegen-arme-boeden","22":"pa_utilizzo-parks-de","24":"first","25":"instock","26":"purchasable","27":"product-type-simple"},"acf":[],"_links":{"self":[{"href":"https:\/\/innocentiemangonipiante.it\/de\/wp-json\/wp\/v2\/product\/15642","targetHints":{"allow":["GET"]}}],"collection":[{"href":"https:\/\/innocentiemangonipiante.it\/de\/wp-json\/wp\/v2\/product"}],"about":[{"href":"https:\/\/innocentiemangonipiante.it\/de\/wp-json\/wp\/v2\/types\/product"}],"wp:featuredmedia":[{"embeddable":true,"href":"https:\/\/innocentiemangonipiante.it\/de\/wp-json\/wp\/v2\/media\/5901"}],"wp:attachment":[{"href":"https:\/\/innocentiemangonipiante.it\/de\/wp-json\/wp\/v2\/media?parent=15642"}],"wp:term":[{"taxonomy":"product_brand","embeddable":true,"href":"https:\/\/innocentiemangonipiante.it\/de\/wp-json\/wp\/v2\/product_brand?post=15642"},{"taxonomy":"product_cat","embeddable":true,"href":"https:\/\/innocentiemangonipiante.it\/de\/wp-json\/wp\/v2\/product_cat?post=15642"},{"taxonomy":"product_tag","embeddable":true,"href":"https:\/\/innocentiemangonipiante.it\/de\/wp-json\/wp\/v2\/product_tag?post=15642"}],"curies":[{"name":"wp","href":"https:\/\/api.w.org\/{rel}","templated":true}]}}