{"id":15643,"date":"2023-11-04T03:20:54","date_gmt":"2023-11-04T02:20:54","guid":{"rendered":"http:\/\/innocentiemangonipiante.it\/viburnum-tinus-variegatum\/"},"modified":"2023-11-08T13:57:33","modified_gmt":"2023-11-08T12:57:33","slug":"viburnum-tinus-variegatum","status":"publish","type":"product","link":"https:\/\/innocentiemangonipiante.it\/de\/viburnum-tinus-variegatum\/","title":{"rendered":"VIBURNUM tinus &#8218;Variegatum&#8216;"},"content":{"rendered":"<p>Immergr\u00fcner Strauch. Gr\u00fcne Bl\u00e4tter mit gelbem Rand. Verl\u00e4ngerte Bl\u00fcte der wei\u00dfen Farbe.<\/p>\n","protected":false},"excerpt":{"rendered":"<p>Immergr\u00fcner Strauch. Gr\u00fcne Bl\u00e4tter mit gelbem Rand. Verl\u00e4ngerte Bl\u00fcte der wei\u00dfen Farbe.<\/p>\n","protected":false},"featured_media":5974,"template":"","meta":{"_acf_changed":false},"product_brand":[],"product_cat":[8318],"product_tag":[10898],"class_list":{"0":"post-15643","1":"product","2":"type-product","3":"status-publish","4":"has-post-thumbnail","6":"product_cat-keine-kategorie","7":"product_tag-naturlichen","8":"pa_altezza-massima-200-de","9":"pa_altezza-massima-300-de","10":"pa_colore-delle-foglie-vielfaeltigen","11":"pa_colore-fioritura-weis","12":"pa_condizionamento-clt-de","13":"pa_famiglia-caprifoliaceae-de","14":"pa_genere-viburnum-de","15":"pa_origine-europaischen-mittelmeeres","16":"pa_periodo-fioritura-april-de","17":"pa_periodo-fioritura-dezember","18":"pa_periodo-fioritura-februar","19":"pa_periodo-fioritura-januar","20":"pa_periodo-fioritura-maerz","21":"pa_portamento-arrotondato-de","22":"pa_resistenza-climatica-mittel-hoch","23":"pa_utilizzo-kleine-gaerten","24":"pa_utilizzo-parks-de","26":"first","27":"instock","28":"purchasable","29":"product-type-simple"},"acf":[],"_links":{"self":[{"href":"https:\/\/innocentiemangonipiante.it\/de\/wp-json\/wp\/v2\/product\/15643","targetHints":{"allow":["GET"]}}],"collection":[{"href":"https:\/\/innocentiemangonipiante.it\/de\/wp-json\/wp\/v2\/product"}],"about":[{"href":"https:\/\/innocentiemangonipiante.it\/de\/wp-json\/wp\/v2\/types\/product"}],"wp:featuredmedia":[{"embeddable":true,"href":"https:\/\/innocentiemangonipiante.it\/de\/wp-json\/wp\/v2\/media\/5974"}],"wp:attachment":[{"href":"https:\/\/innocentiemangonipiante.it\/de\/wp-json\/wp\/v2\/media?parent=15643"}],"wp:term":[{"taxonomy":"product_brand","embeddable":true,"href":"https:\/\/innocentiemangonipiante.it\/de\/wp-json\/wp\/v2\/product_brand?post=15643"},{"taxonomy":"product_cat","embeddable":true,"href":"https:\/\/innocentiemangonipiante.it\/de\/wp-json\/wp\/v2\/product_cat?post=15643"},{"taxonomy":"product_tag","embeddable":true,"href":"https:\/\/innocentiemangonipiante.it\/de\/wp-json\/wp\/v2\/product_tag?post=15643"}],"curies":[{"name":"wp","href":"https:\/\/api.w.org\/{rel}","templated":true}]}}