{"id":15644,"date":"2023-11-04T03:20:17","date_gmt":"2023-11-04T02:20:17","guid":{"rendered":"http:\/\/innocentiemangonipiante.it\/viburnum-tinus-eve-price\/"},"modified":"2023-11-08T13:53:15","modified_gmt":"2023-11-08T12:53:15","slug":"viburnum-tinus-eve-price","status":"publish","type":"product","link":"https:\/\/innocentiemangonipiante.it\/de\/viburnum-tinus-eve-price\/","title":{"rendered":"VIBURNUM tinus &#8218;Eve Price&#8216;"},"content":{"rendered":"<p>Immergr\u00fcner, rundlicher Strauch mit dichtem und kompaktem Astwerk. Die paarigen, eif\u00f6rmigen, 5-10 cm langen Bl\u00e4tter sind leuchtend dunkelgr\u00fcn. Im Winter ist die Pflanze mit rot-rosa Knospen bedeckt, die in flachen Dolden gruppiert sind, aus denen im Februar zahlreiche wei\u00dfe 6 mm breite Bl\u00fcten sprie\u00dfen.<\/p>\n","protected":false},"excerpt":{"rendered":"<p>Immergr\u00fcner, rundlicher Strauch mit dichtem und kompaktem Astwerk. Die paarigen, eif\u00f6rmigen, 5-10 cm langen Bl\u00e4tter sind leuchtend dunkelgr\u00fcn. Im Winter ist die Pflanze mit rot-rosa Knospen bedeckt, die in flachen Dolden gruppiert sind, aus denen im Februar zahlreiche wei\u00dfe 6 mm breite Bl\u00fcten sprie\u00dfen.<\/p>\n","protected":false},"featured_media":5968,"template":"","meta":{"_acf_changed":false},"product_brand":[],"product_cat":[8318],"product_tag":[10898,8736,8565,8401,8705,8498],"class_list":{"0":"post-15644","1":"product","2":"type-product","3":"status-publish","4":"has-post-thumbnail","6":"product_cat-keine-kategorie","7":"product_tag-naturlichen","8":"product_tag-fusstamm","9":"product_tag-halbstamm","10":"product_tag-hochstamm","11":"product_tag-kugel","12":"product_tag-mehrstammig-mit-schirmformiger-krone","13":"pa_altezza-massima-200-de","14":"pa_altezza-massima-300-de","15":"pa_colore-fioritura-weis","16":"pa_condizionamento-clt-de","17":"pa_condizionamento-jungplanzen","18":"pa_famiglia-caprifoliaceae-de","19":"pa_genere-viburnum-de","20":"pa_origine-europaischen-mittelmeeres","21":"pa_periodo-fioritura-februar","22":"pa_portamento-arrotondato-de","23":"pa_resistenza-climatica-mittel-hoch","24":"pa_resistenza-del-suolo-bestandig-gegen-kalkhaltige-boden","25":"pa_salinita-bestaendigkeit-in-meeresluft","26":"pa_utilizzo-hecken","27":"pa_utilizzo-kleine-gaerten","29":"first","30":"instock","31":"purchasable","32":"product-type-simple"},"acf":[],"_links":{"self":[{"href":"https:\/\/innocentiemangonipiante.it\/de\/wp-json\/wp\/v2\/product\/15644","targetHints":{"allow":["GET"]}}],"collection":[{"href":"https:\/\/innocentiemangonipiante.it\/de\/wp-json\/wp\/v2\/product"}],"about":[{"href":"https:\/\/innocentiemangonipiante.it\/de\/wp-json\/wp\/v2\/types\/product"}],"wp:featuredmedia":[{"embeddable":true,"href":"https:\/\/innocentiemangonipiante.it\/de\/wp-json\/wp\/v2\/media\/5968"}],"wp:attachment":[{"href":"https:\/\/innocentiemangonipiante.it\/de\/wp-json\/wp\/v2\/media?parent=15644"}],"wp:term":[{"taxonomy":"product_brand","embeddable":true,"href":"https:\/\/innocentiemangonipiante.it\/de\/wp-json\/wp\/v2\/product_brand?post=15644"},{"taxonomy":"product_cat","embeddable":true,"href":"https:\/\/innocentiemangonipiante.it\/de\/wp-json\/wp\/v2\/product_cat?post=15644"},{"taxonomy":"product_tag","embeddable":true,"href":"https:\/\/innocentiemangonipiante.it\/de\/wp-json\/wp\/v2\/product_tag?post=15644"}],"curies":[{"name":"wp","href":"https:\/\/api.w.org\/{rel}","templated":true}]}}