{"id":15645,"date":"2023-11-04T03:20:11","date_gmt":"2023-11-04T02:20:11","guid":{"rendered":"http:\/\/innocentiemangonipiante.it\/viburnum-rhytidophyllum\/"},"modified":"2023-11-08T13:53:12","modified_gmt":"2023-11-08T12:53:12","slug":"viburnum-rhytidophyllum","status":"publish","type":"product","link":"https:\/\/innocentiemangonipiante.it\/de\/viburnum-rhytidophyllum\/","title":{"rendered":"VIBURNUM rhytidophyllum"},"content":{"rendered":"<p>Rustikale, immergr\u00fcne, aufrechte wachsende Form. Das Laub ist ledrig, l\u00e4nglich, oberseits dunkelgr\u00fcn und grau auf der Unterseite. Im Mai macht wei\u00dfen Bl\u00fcten, und im Herbst bis Januar folgen roten Beeren. Sehr widerstandsf\u00e4hig gegen K\u00e4lte und Umweltverschmutzung.<\/p>\n","protected":false},"excerpt":{"rendered":"<p>Rustikale, immergr\u00fcne, aufrechte wachsende Form. Das Laub ist ledrig, l\u00e4nglich, oberseits dunkelgr\u00fcn und grau auf der Unterseite. Im Mai macht wei\u00dfen Bl\u00fcten, und im Herbst bis Januar folgen roten Beeren. Sehr widerstandsf\u00e4hig gegen K\u00e4lte und Umweltverschmutzung.<\/p>\n","protected":false},"featured_media":5962,"template":"","meta":{"_acf_changed":false},"product_brand":[],"product_cat":[8318],"product_tag":[10898],"class_list":{"0":"post-15645","1":"product","2":"type-product","3":"status-publish","4":"has-post-thumbnail","6":"product_cat-keine-kategorie","7":"product_tag-naturlichen","8":"pa_altezza-massima-300-de","9":"pa_altezza-massima-500-de","10":"pa_colore-fioritura-weis","11":"pa_condizionamento-clt-de","12":"pa_famiglia-caprifoliaceae-de","13":"pa_genere-viburnum-de","14":"pa_origine-ostasien","15":"pa_periodo-fioritura-mai-de","16":"pa_periodo-fruttificazione-juli","17":"pa_portamento-saulenformig","18":"pa_resistenza-climatica-mittel-hoch","19":"pa_salinita-bestaendigkeit-in-meeresluft","20":"pa_utilizzo-hecken","21":"pa_utilizzo-kleine-gaerten","22":"pa_utilizzo-parks-de","24":"first","25":"instock","26":"purchasable","27":"product-type-simple"},"acf":[],"_links":{"self":[{"href":"https:\/\/innocentiemangonipiante.it\/de\/wp-json\/wp\/v2\/product\/15645","targetHints":{"allow":["GET"]}}],"collection":[{"href":"https:\/\/innocentiemangonipiante.it\/de\/wp-json\/wp\/v2\/product"}],"about":[{"href":"https:\/\/innocentiemangonipiante.it\/de\/wp-json\/wp\/v2\/types\/product"}],"wp:featuredmedia":[{"embeddable":true,"href":"https:\/\/innocentiemangonipiante.it\/de\/wp-json\/wp\/v2\/media\/5962"}],"wp:attachment":[{"href":"https:\/\/innocentiemangonipiante.it\/de\/wp-json\/wp\/v2\/media?parent=15645"}],"wp:term":[{"taxonomy":"product_brand","embeddable":true,"href":"https:\/\/innocentiemangonipiante.it\/de\/wp-json\/wp\/v2\/product_brand?post=15645"},{"taxonomy":"product_cat","embeddable":true,"href":"https:\/\/innocentiemangonipiante.it\/de\/wp-json\/wp\/v2\/product_cat?post=15645"},{"taxonomy":"product_tag","embeddable":true,"href":"https:\/\/innocentiemangonipiante.it\/de\/wp-json\/wp\/v2\/product_tag?post=15645"}],"curies":[{"name":"wp","href":"https:\/\/api.w.org\/{rel}","templated":true}]}}