{"id":15646,"date":"2023-11-04T03:20:00","date_gmt":"2023-11-04T02:20:00","guid":{"rendered":"http:\/\/innocentiemangonipiante.it\/viburnum-plicatum-watanabe\/"},"modified":"2023-11-08T13:53:10","modified_gmt":"2023-11-08T12:53:10","slug":"viburnum-plicatum-watanabe","status":"publish","type":"product","link":"https:\/\/innocentiemangonipiante.it\/de\/viburnum-plicatum-watanabe\/","title":{"rendered":"VIBURNUM plicatum &#8218;Watanabe&#8216;"},"content":{"rendered":"<p>Sommergr\u00fcner, ausladender, fast zwergw\u00fcchsiger Strauch. Die spitz zulaufenden, gez\u00e4hnten Bl\u00e4tter mit tiefen \u00c4derungen sind dunkelgr\u00fcn. Wei\u00dfe Bl\u00fcten in dichten, flachen Dolden von Juni bis September. Im Juli-August tr\u00e4gt er leuchtend rote Fr\u00fcchte, die sich beim Reifen schwarzblau f\u00e4rben.<\/p>\n","protected":false},"excerpt":{"rendered":"<p>Sommergr\u00fcner, ausladender, fast zwergw\u00fcchsiger Strauch. Die spitz zulaufenden, gez\u00e4hnten Bl\u00e4tter mit tiefen \u00c4derungen sind dunkelgr\u00fcn. Wei\u00dfe Bl\u00fcten in dichten, flachen Dolden von Juni bis September. Im Juli-August tr\u00e4gt er leuchtend rote Fr\u00fcchte, die sich beim Reifen schwarzblau f\u00e4rben.<\/p>\n","protected":false},"featured_media":5956,"template":"","meta":{"_acf_changed":false},"product_brand":[],"product_cat":[8318],"product_tag":[10898],"class_list":{"0":"post-15646","1":"product","2":"type-product","3":"status-publish","4":"has-post-thumbnail","6":"product_cat-keine-kategorie","7":"product_tag-naturlichen","8":"pa_altezza-massima-150-de","9":"pa_altezza-massima-200-de","10":"pa_colore-fioritura-weis","11":"pa_condizionamento-clt-de","12":"pa_famiglia-caprifoliaceae-de","13":"pa_genere-viburnum-de","14":"pa_origine-ostasien","15":"pa_periodo-fioritura-august-de","16":"pa_periodo-fioritura-juli","17":"pa_periodo-fioritura-juni","18":"pa_periodo-fioritura-september-de","19":"pa_portamento-arrotondato-de","20":"pa_resistenza-climatica-sehr-hoch","21":"pa_salinita-bestaendigkeit-in-meeresluft","22":"pa_utilizzo-kleine-gaerten","24":"first","25":"instock","26":"purchasable","27":"product-type-simple"},"acf":[],"_links":{"self":[{"href":"https:\/\/innocentiemangonipiante.it\/de\/wp-json\/wp\/v2\/product\/15646","targetHints":{"allow":["GET"]}}],"collection":[{"href":"https:\/\/innocentiemangonipiante.it\/de\/wp-json\/wp\/v2\/product"}],"about":[{"href":"https:\/\/innocentiemangonipiante.it\/de\/wp-json\/wp\/v2\/types\/product"}],"wp:featuredmedia":[{"embeddable":true,"href":"https:\/\/innocentiemangonipiante.it\/de\/wp-json\/wp\/v2\/media\/5956"}],"wp:attachment":[{"href":"https:\/\/innocentiemangonipiante.it\/de\/wp-json\/wp\/v2\/media?parent=15646"}],"wp:term":[{"taxonomy":"product_brand","embeddable":true,"href":"https:\/\/innocentiemangonipiante.it\/de\/wp-json\/wp\/v2\/product_brand?post=15646"},{"taxonomy":"product_cat","embeddable":true,"href":"https:\/\/innocentiemangonipiante.it\/de\/wp-json\/wp\/v2\/product_cat?post=15646"},{"taxonomy":"product_tag","embeddable":true,"href":"https:\/\/innocentiemangonipiante.it\/de\/wp-json\/wp\/v2\/product_tag?post=15646"}],"curies":[{"name":"wp","href":"https:\/\/api.w.org\/{rel}","templated":true}]}}