{"id":15647,"date":"2023-11-04T03:19:48","date_gmt":"2023-11-04T02:19:48","guid":{"rendered":"http:\/\/innocentiemangonipiante.it\/viburnum-plicatum-mariesii\/"},"modified":"2023-11-08T13:53:05","modified_gmt":"2023-11-08T12:53:05","slug":"viburnum-plicatum-mariesii","status":"publish","type":"product","link":"https:\/\/innocentiemangonipiante.it\/de\/viburnum-plicatum-mariesii\/","title":{"rendered":"VIBURNUM plicatum &#8218;Mariesii&#8216;"},"content":{"rendered":"<p>Wei\u00dfe Bl\u00fcten im sp\u00e4ten Fr\u00fchjahr, gefolgt von roten Beeren. Im Herbst f\u00e4rbt sich das Laub rot.<\/p>\n","protected":false},"excerpt":{"rendered":"<p>Wei\u00dfe Bl\u00fcten im sp\u00e4ten Fr\u00fchjahr, gefolgt von roten Beeren. Im Herbst f\u00e4rbt sich das Laub rot.<\/p>\n","protected":false},"featured_media":5950,"template":"","meta":{"_acf_changed":false},"product_brand":[],"product_cat":[8318],"product_tag":[10898],"class_list":{"0":"post-15647","1":"product","2":"type-product","3":"status-publish","4":"has-post-thumbnail","6":"product_cat-keine-kategorie","7":"product_tag-naturlichen","8":"pa_altezza-massima-150-de","9":"pa_altezza-massima-200-de","10":"pa_colore-fioritura-weis","11":"pa_condizionamento-clt-de","12":"pa_famiglia-caprifoliaceae-de","13":"pa_genere-viburnum-de","14":"pa_origine-ostasien","15":"pa_periodo-fioritura-juni","16":"pa_periodo-fioritura-mai-de","17":"pa_portamento-arrotondato-de","18":"pa_resistenza-climatica-sehr-hoch","19":"pa_salinita-bestaendigkeit-in-meeresluft","20":"pa_utilizzo-kleine-gaerten","22":"first","23":"instock","24":"purchasable","25":"product-type-simple"},"acf":[],"_links":{"self":[{"href":"https:\/\/innocentiemangonipiante.it\/de\/wp-json\/wp\/v2\/product\/15647","targetHints":{"allow":["GET"]}}],"collection":[{"href":"https:\/\/innocentiemangonipiante.it\/de\/wp-json\/wp\/v2\/product"}],"about":[{"href":"https:\/\/innocentiemangonipiante.it\/de\/wp-json\/wp\/v2\/types\/product"}],"wp:featuredmedia":[{"embeddable":true,"href":"https:\/\/innocentiemangonipiante.it\/de\/wp-json\/wp\/v2\/media\/5950"}],"wp:attachment":[{"href":"https:\/\/innocentiemangonipiante.it\/de\/wp-json\/wp\/v2\/media?parent=15647"}],"wp:term":[{"taxonomy":"product_brand","embeddable":true,"href":"https:\/\/innocentiemangonipiante.it\/de\/wp-json\/wp\/v2\/product_brand?post=15647"},{"taxonomy":"product_cat","embeddable":true,"href":"https:\/\/innocentiemangonipiante.it\/de\/wp-json\/wp\/v2\/product_cat?post=15647"},{"taxonomy":"product_tag","embeddable":true,"href":"https:\/\/innocentiemangonipiante.it\/de\/wp-json\/wp\/v2\/product_tag?post=15647"}],"curies":[{"name":"wp","href":"https:\/\/api.w.org\/{rel}","templated":true}]}}