{"id":15648,"date":"2023-11-04T03:19:25","date_gmt":"2023-11-04T02:19:25","guid":{"rendered":"http:\/\/innocentiemangonipiante.it\/viburnum-opulus-roseum\/"},"modified":"2023-11-08T13:52:57","modified_gmt":"2023-11-08T12:52:57","slug":"viburnum-opulus-roseum","status":"publish","type":"product","link":"https:\/\/innocentiemangonipiante.it\/de\/viburnum-opulus-roseum\/","title":{"rendered":"VIBURNUM opulus &#8218;Roseum&#8216;"},"content":{"rendered":"<p>Sommergr\u00fcner Strauch mit rundlichem Wuchs und dreilappigen, dunkelgr\u00fcnen, 10 cm langen Bl\u00e4ttern, die sich im Herbst rosa-purpurrot f\u00e4rben. Gro\u00dfe unfruchtbare, wei\u00dfe Bl\u00fcten auf 5-6 cm breiten kugelf\u00f6rmigen Dolden.<\/p>\n","protected":false},"excerpt":{"rendered":"<p>Sommergr\u00fcner Strauch mit rundlichem Wuchs und dreilappigen, dunkelgr\u00fcnen, 10 cm langen Bl\u00e4ttern, die sich im Herbst rosa-purpurrot f\u00e4rben. Gro\u00dfe unfruchtbare, wei\u00dfe Bl\u00fcten auf 5-6 cm breiten kugelf\u00f6rmigen Dolden.<\/p>\n","protected":false},"featured_media":5944,"template":"","meta":{"_acf_changed":false},"product_brand":[],"product_cat":[8318],"product_tag":[10898],"class_list":{"0":"post-15648","1":"product","2":"type-product","3":"status-publish","4":"has-post-thumbnail","6":"product_cat-keine-kategorie","7":"product_tag-naturlichen","8":"pa_altezza-massima-300-de","9":"pa_altezza-massima-400-de","10":"pa_colore-fioritura-weis","11":"pa_condizionamento-clt-de","12":"pa_condizionamento-jungplanzen","13":"pa_famiglia-caprifoliaceae-de","14":"pa_genere-viburnum-de","15":"pa_inquinamento-bestaendigkeit-gegen-smog","16":"pa_origine-europe-de","17":"pa_periodo-fioritura-juni","18":"pa_portamento-arrotondato-de","19":"pa_resistenza-climatica-sehr-hoch","20":"pa_resistenza-del-suolo-bestandig-gegen-kalkhaltige-boden","21":"pa_salinita-bestaendigkeit-in-meeresluft","22":"pa_utilizzo-kleine-gaerten","23":"pa_utilizzo-parks-de","25":"first","26":"instock","27":"purchasable","28":"product-type-simple"},"acf":[],"_links":{"self":[{"href":"https:\/\/innocentiemangonipiante.it\/de\/wp-json\/wp\/v2\/product\/15648","targetHints":{"allow":["GET"]}}],"collection":[{"href":"https:\/\/innocentiemangonipiante.it\/de\/wp-json\/wp\/v2\/product"}],"about":[{"href":"https:\/\/innocentiemangonipiante.it\/de\/wp-json\/wp\/v2\/types\/product"}],"wp:featuredmedia":[{"embeddable":true,"href":"https:\/\/innocentiemangonipiante.it\/de\/wp-json\/wp\/v2\/media\/5944"}],"wp:attachment":[{"href":"https:\/\/innocentiemangonipiante.it\/de\/wp-json\/wp\/v2\/media?parent=15648"}],"wp:term":[{"taxonomy":"product_brand","embeddable":true,"href":"https:\/\/innocentiemangonipiante.it\/de\/wp-json\/wp\/v2\/product_brand?post=15648"},{"taxonomy":"product_cat","embeddable":true,"href":"https:\/\/innocentiemangonipiante.it\/de\/wp-json\/wp\/v2\/product_cat?post=15648"},{"taxonomy":"product_tag","embeddable":true,"href":"https:\/\/innocentiemangonipiante.it\/de\/wp-json\/wp\/v2\/product_tag?post=15648"}],"curies":[{"name":"wp","href":"https:\/\/api.w.org\/{rel}","templated":true}]}}