{"id":15649,"date":"2023-11-04T03:19:02","date_gmt":"2023-11-04T02:19:02","guid":{"rendered":"http:\/\/innocentiemangonipiante.it\/viburnum-davidii\/"},"modified":"2023-11-08T13:52:45","modified_gmt":"2023-11-08T12:52:45","slug":"viburnum-davidii","status":"publish","type":"product","link":"https:\/\/innocentiemangonipiante.it\/de\/viburnum-davidii\/","title":{"rendered":"VIBURNUM davidii"},"content":{"rendered":"<p>Immergr\u00fcner, kompakter Strauch, der die Form eines Kissens hat, mit eif\u00f6rmigen, 15 cm langen Bl\u00e4ttern. Im Juni sprie\u00dfen r\u00f6hrenf\u00f6rmige wei\u00dfrosa Bl\u00fcten, die auf flachen Dolden mit einem Durchmesser von za. 8 cm sitzen. Eif\u00f6rmige stahlblaue Fr\u00fcchte.<\/p>\n","protected":false},"excerpt":{"rendered":"<p>Immergr\u00fcner, kompakter Strauch, der die Form eines Kissens hat, mit eif\u00f6rmigen, 15 cm langen Bl\u00e4ttern. Im Juni sprie\u00dfen r\u00f6hrenf\u00f6rmige wei\u00dfrosa Bl\u00fcten, die auf flachen Dolden mit einem Durchmesser von za. 8 cm sitzen. Eif\u00f6rmige stahlblaue Fr\u00fcchte.<\/p>\n","protected":false},"featured_media":5937,"template":"","meta":{"_acf_changed":false},"product_brand":[],"product_cat":[8318],"product_tag":[10898],"class_list":{"0":"post-15649","1":"product","2":"type-product","3":"status-publish","4":"has-post-thumbnail","6":"product_cat-keine-kategorie","7":"product_tag-naturlichen","8":"pa_altezza-massima-0_80-meter","9":"pa_altezza-massima-130-de","10":"pa_colore-fioritura-rose-de","11":"pa_condizionamento-clt-de","12":"pa_famiglia-caprifoliaceae-de","13":"pa_genere-viburnum-de","14":"pa_origine-ostasien","15":"pa_periodo-fioritura-juni","16":"pa_portamento-arrotondato-de","17":"pa_resistenza-climatica-sehr-hoch","18":"pa_salinita-bestaendigkeit-in-meeresluft","19":"pa_utilizzo-kleine-gaerten","21":"first","22":"instock","23":"purchasable","24":"product-type-simple"},"acf":[],"_links":{"self":[{"href":"https:\/\/innocentiemangonipiante.it\/de\/wp-json\/wp\/v2\/product\/15649","targetHints":{"allow":["GET"]}}],"collection":[{"href":"https:\/\/innocentiemangonipiante.it\/de\/wp-json\/wp\/v2\/product"}],"about":[{"href":"https:\/\/innocentiemangonipiante.it\/de\/wp-json\/wp\/v2\/types\/product"}],"wp:featuredmedia":[{"embeddable":true,"href":"https:\/\/innocentiemangonipiante.it\/de\/wp-json\/wp\/v2\/media\/5937"}],"wp:attachment":[{"href":"https:\/\/innocentiemangonipiante.it\/de\/wp-json\/wp\/v2\/media?parent=15649"}],"wp:term":[{"taxonomy":"product_brand","embeddable":true,"href":"https:\/\/innocentiemangonipiante.it\/de\/wp-json\/wp\/v2\/product_brand?post=15649"},{"taxonomy":"product_cat","embeddable":true,"href":"https:\/\/innocentiemangonipiante.it\/de\/wp-json\/wp\/v2\/product_cat?post=15649"},{"taxonomy":"product_tag","embeddable":true,"href":"https:\/\/innocentiemangonipiante.it\/de\/wp-json\/wp\/v2\/product_tag?post=15649"}],"curies":[{"name":"wp","href":"https:\/\/api.w.org\/{rel}","templated":true}]}}