{"id":15650,"date":"2023-11-04T03:18:57","date_gmt":"2023-11-04T02:18:57","guid":{"rendered":"http:\/\/innocentiemangonipiante.it\/viburnum-carlesii\/"},"modified":"2023-11-08T13:52:42","modified_gmt":"2023-11-08T12:52:42","slug":"viburnum-carlesii","status":"publish","type":"product","link":"https:\/\/innocentiemangonipiante.it\/de\/viburnum-carlesii\/","title":{"rendered":"VIBURNUM carlesii"},"content":{"rendered":"<p>Sehr aromatische rosa-wei\u00dfen Bl\u00fcten, die im Mai und Juni aus tiefrosa Knospen bl\u00fchen.<\/p>\n","protected":false},"excerpt":{"rendered":"<p>Sehr aromatische rosa-wei\u00dfen Bl\u00fcten, die im Mai und Juni aus tiefrosa Knospen bl\u00fchen.<\/p>\n","protected":false},"featured_media":5931,"template":"","meta":{"_acf_changed":false},"product_brand":[],"product_cat":[8318],"product_tag":[10898],"class_list":{"0":"post-15650","1":"product","2":"type-product","3":"status-publish","4":"has-post-thumbnail","6":"product_cat-keine-kategorie","7":"product_tag-naturlichen","8":"pa_altezza-massima-150-de","9":"pa_altezza-massima-200-de","10":"pa_colore-fioritura-rose-de","11":"pa_famiglia-caprifoliaceae-de","12":"pa_genere-viburnum-de","13":"pa_origine-ostasien","14":"pa_periodo-fioritura-juni","15":"pa_periodo-fioritura-mai-de","16":"pa_portamento-arrotondato-de","17":"pa_profumo-intensiv","18":"pa_resistenza-climatica-sehr-hoch","19":"pa_salinita-bestaendigkeit-in-meeresluft","20":"pa_utilizzo-kleine-gaerten","22":"first","23":"instock","24":"purchasable","25":"product-type-simple"},"acf":[],"_links":{"self":[{"href":"https:\/\/innocentiemangonipiante.it\/de\/wp-json\/wp\/v2\/product\/15650","targetHints":{"allow":["GET"]}}],"collection":[{"href":"https:\/\/innocentiemangonipiante.it\/de\/wp-json\/wp\/v2\/product"}],"about":[{"href":"https:\/\/innocentiemangonipiante.it\/de\/wp-json\/wp\/v2\/types\/product"}],"wp:featuredmedia":[{"embeddable":true,"href":"https:\/\/innocentiemangonipiante.it\/de\/wp-json\/wp\/v2\/media\/5931"}],"wp:attachment":[{"href":"https:\/\/innocentiemangonipiante.it\/de\/wp-json\/wp\/v2\/media?parent=15650"}],"wp:term":[{"taxonomy":"product_brand","embeddable":true,"href":"https:\/\/innocentiemangonipiante.it\/de\/wp-json\/wp\/v2\/product_brand?post=15650"},{"taxonomy":"product_cat","embeddable":true,"href":"https:\/\/innocentiemangonipiante.it\/de\/wp-json\/wp\/v2\/product_cat?post=15650"},{"taxonomy":"product_tag","embeddable":true,"href":"https:\/\/innocentiemangonipiante.it\/de\/wp-json\/wp\/v2\/product_tag?post=15650"}],"curies":[{"name":"wp","href":"https:\/\/api.w.org\/{rel}","templated":true}]}}