{"id":15651,"date":"2023-11-04T03:21:14","date_gmt":"2023-11-04T02:21:14","guid":{"rendered":"http:\/\/innocentiemangonipiante.it\/viburnum-x-burkwoodii-anne-russell\/"},"modified":"2023-11-08T13:57:41","modified_gmt":"2023-11-08T12:57:41","slug":"viburnum-x-burkwoodii-anne-russell","status":"publish","type":"product","link":"https:\/\/innocentiemangonipiante.it\/de\/viburnum-x-burkwoodii-anne-russell\/","title":{"rendered":"VIBURNUM x burkwoodii &#8218;Anne Russell&#8216;"},"content":{"rendered":"<p>Buschiger Strauch mittlerer Gr\u00f6\u00dfe mit gl\u00e4nzenden, breit elliptischen Bl\u00e4ttern. Im Fr\u00fchjahr bringt er stark duftende wei\u00dfe, in Trauben von etwa 10 cm L\u00e4nge geb\u00fcndelte Bl\u00fcten hervor.<\/p>\n","protected":false},"excerpt":{"rendered":"<p>Buschiger Strauch mittlerer Gr\u00f6\u00dfe mit gl\u00e4nzenden, breit elliptischen Bl\u00e4ttern. Im Fr\u00fchjahr bringt er stark duftende wei\u00dfe, in Trauben von etwa 10 cm L\u00e4nge geb\u00fcndelte Bl\u00fcten hervor.<\/p>\n","protected":false},"featured_media":5992,"template":"","meta":{"_acf_changed":false},"product_brand":[],"product_cat":[8318],"product_tag":[10898],"class_list":{"0":"post-15651","1":"product","2":"type-product","3":"status-publish","4":"has-post-thumbnail","6":"product_cat-keine-kategorie","7":"product_tag-naturlichen","8":"pa_altezza-massima-150-de","9":"pa_altezza-massima-200-de","10":"pa_colore-fioritura-weis","11":"pa_famiglia-caprifoliaceae-de","12":"pa_genere-viburnum-de","13":"pa_inquinamento-bestaendigkeit-gegen-smog","14":"pa_origine-asien","15":"pa_periodo-fioritura-april-de","16":"pa_periodo-fioritura-mai-de","17":"pa_portamento-arrotondato-de","18":"pa_profumo-intensiv","19":"pa_resistenza-climatica-sehr-hoch","20":"pa_resistenza-del-suolo-bestandigkeit-auf-feuchten-boden","21":"pa_utilizzo-hecken","22":"pa_utilizzo-kleine-gaerten","23":"pa_utilizzo-parks-de","25":"first","26":"instock","27":"purchasable","28":"product-type-simple"},"acf":[],"_links":{"self":[{"href":"https:\/\/innocentiemangonipiante.it\/de\/wp-json\/wp\/v2\/product\/15651","targetHints":{"allow":["GET"]}}],"collection":[{"href":"https:\/\/innocentiemangonipiante.it\/de\/wp-json\/wp\/v2\/product"}],"about":[{"href":"https:\/\/innocentiemangonipiante.it\/de\/wp-json\/wp\/v2\/types\/product"}],"wp:featuredmedia":[{"embeddable":true,"href":"https:\/\/innocentiemangonipiante.it\/de\/wp-json\/wp\/v2\/media\/5992"}],"wp:attachment":[{"href":"https:\/\/innocentiemangonipiante.it\/de\/wp-json\/wp\/v2\/media?parent=15651"}],"wp:term":[{"taxonomy":"product_brand","embeddable":true,"href":"https:\/\/innocentiemangonipiante.it\/de\/wp-json\/wp\/v2\/product_brand?post=15651"},{"taxonomy":"product_cat","embeddable":true,"href":"https:\/\/innocentiemangonipiante.it\/de\/wp-json\/wp\/v2\/product_cat?post=15651"},{"taxonomy":"product_tag","embeddable":true,"href":"https:\/\/innocentiemangonipiante.it\/de\/wp-json\/wp\/v2\/product_tag?post=15651"}],"curies":[{"name":"wp","href":"https:\/\/api.w.org\/{rel}","templated":true}]}}