{"id":15652,"date":"2023-11-04T03:21:07","date_gmt":"2023-11-04T02:21:07","guid":{"rendered":"http:\/\/innocentiemangonipiante.it\/viburnum-x-burkwoodii\/"},"modified":"2023-11-08T13:57:38","modified_gmt":"2023-11-08T12:57:38","slug":"viburnum-x-burkwoodii","status":"publish","type":"product","link":"https:\/\/innocentiemangonipiante.it\/de\/viburnum-x-burkwoodii\/","title":{"rendered":"VIBURNUM x burkwoodii"},"content":{"rendered":"<p>Sehr aromatische rosa-wei\u00dfen Bl\u00fcten, die im April und Mai aus tiefrosa Knospen bl\u00fchen.<\/p>\n","protected":false},"excerpt":{"rendered":"<p>Sehr aromatische rosa-wei\u00dfen Bl\u00fcten, die im April und Mai aus tiefrosa Knospen bl\u00fchen.<\/p>\n","protected":false},"featured_media":5986,"template":"","meta":{"_acf_changed":false},"product_brand":[],"product_cat":[8318],"product_tag":[10898],"class_list":{"0":"post-15652","1":"product","2":"type-product","3":"status-publish","4":"has-post-thumbnail","6":"product_cat-keine-kategorie","7":"product_tag-naturlichen","8":"pa_altezza-massima-200-de","9":"pa_altezza-massima-300-de","10":"pa_colore-fioritura-weis","11":"pa_condizionamento-clt-de","12":"pa_famiglia-caprifoliaceae-de","13":"pa_genere-viburnum-de","14":"pa_origine-england-de","15":"pa_periodo-fioritura-april-de","16":"pa_periodo-fioritura-mai-de","17":"pa_portamento-arrotondato-de","18":"pa_profumo-intensiv","19":"pa_resistenza-climatica-mittel-hoch","20":"pa_salinita-bestaendigkeit-in-meeresluft","21":"pa_utilizzo-hecken","22":"pa_utilizzo-kleine-gaerten","23":"pa_utilizzo-parks-de","25":"first","26":"instock","27":"purchasable","28":"product-type-simple"},"acf":[],"_links":{"self":[{"href":"https:\/\/innocentiemangonipiante.it\/de\/wp-json\/wp\/v2\/product\/15652","targetHints":{"allow":["GET"]}}],"collection":[{"href":"https:\/\/innocentiemangonipiante.it\/de\/wp-json\/wp\/v2\/product"}],"about":[{"href":"https:\/\/innocentiemangonipiante.it\/de\/wp-json\/wp\/v2\/types\/product"}],"wp:featuredmedia":[{"embeddable":true,"href":"https:\/\/innocentiemangonipiante.it\/de\/wp-json\/wp\/v2\/media\/5986"}],"wp:attachment":[{"href":"https:\/\/innocentiemangonipiante.it\/de\/wp-json\/wp\/v2\/media?parent=15652"}],"wp:term":[{"taxonomy":"product_brand","embeddable":true,"href":"https:\/\/innocentiemangonipiante.it\/de\/wp-json\/wp\/v2\/product_brand?post=15652"},{"taxonomy":"product_cat","embeddable":true,"href":"https:\/\/innocentiemangonipiante.it\/de\/wp-json\/wp\/v2\/product_cat?post=15652"},{"taxonomy":"product_tag","embeddable":true,"href":"https:\/\/innocentiemangonipiante.it\/de\/wp-json\/wp\/v2\/product_tag?post=15652"}],"curies":[{"name":"wp","href":"https:\/\/api.w.org\/{rel}","templated":true}]}}