{"id":15653,"date":"2023-11-04T03:21:01","date_gmt":"2023-11-04T02:21:01","guid":{"rendered":"http:\/\/innocentiemangonipiante.it\/viburnum-x-bodnantense-dawn\/"},"modified":"2023-11-08T13:57:35","modified_gmt":"2023-11-08T12:57:35","slug":"viburnum-x-bodnantense-dawn","status":"publish","type":"product","link":"https:\/\/innocentiemangonipiante.it\/de\/viburnum-x-bodnantense-dawn\/","title":{"rendered":"VIBURNUM x bodnantense &#8218;Dawn&#8216;"},"content":{"rendered":"<p>Immergr\u00fcner Strauch mit aufrechtem Wuchs, mit d\u00fcnnen, wenig verzweigten Stielen in jungen Jahren, sp\u00e4ter dichter und buschiger. Die paarigen, eif\u00f6rmigen bis elliptischen, gez\u00e4hnten Bl\u00e4tter sind bronzefarben im jungen Alter und werden dann dunkelgr\u00fcn.Von Dezember bis Februar-M\u00e4rz sprie\u00dfen stark duftende, r\u00f6hrenf\u00f6rmige wei\u00df-rosa bis rosa-sattrote Bl\u00fcten, die in Str\u00e4u\u00dfchen auf den nackten Zweigen gruppiert sind.<\/p>\n","protected":false},"excerpt":{"rendered":"<p>Immergr\u00fcner Strauch mit aufrechtem Wuchs, mit d\u00fcnnen, wenig verzweigten Stielen in jungen Jahren, sp\u00e4ter dichter und buschiger. Die paarigen, eif\u00f6rmigen bis elliptischen, gez\u00e4hnten Bl\u00e4tter sind bronzefarben im jungen Alter und werden dann dunkelgr\u00fcn.Von Dezember bis Februar-M\u00e4rz sprie\u00dfen stark duftende, r\u00f6hrenf\u00f6rmige wei\u00df-rosa bis rosa-sattrote Bl\u00fcten, die in Str\u00e4u\u00dfchen auf den nackten Zweigen gruppiert sind.<\/p>\n","protected":false},"featured_media":5980,"template":"","meta":{"_acf_changed":false},"product_brand":[],"product_cat":[8318],"product_tag":[10898],"class_list":{"0":"post-15653","1":"product","2":"type-product","3":"status-publish","4":"has-post-thumbnail","6":"product_cat-keine-kategorie","7":"product_tag-naturlichen","8":"pa_altezza-massima-300-de","9":"pa_altezza-massima-400-de","10":"pa_colore-fioritura-weis","11":"pa_condizionamento-clt-de","12":"pa_famiglia-caprifoliaceae-de","13":"pa_genere-viburnum-de","14":"pa_origine-wales-de","15":"pa_periodo-fioritura-dezember","16":"pa_periodo-fioritura-februar","17":"pa_periodo-fioritura-januar","18":"pa_periodo-fioritura-maerz","19":"pa_portamento-arrotondato-de","20":"pa_profumo-intensiv","21":"pa_resistenza-climatica-sehr-hoch","22":"pa_resistenza-del-suolo-bestandig-gegen-kalkhaltige-boden","23":"pa_salinita-bestaendigkeit-in-meeresluft","24":"pa_utilizzo-kleine-gaerten","25":"pa_utilizzo-parks-de","27":"first","28":"instock","29":"purchasable","30":"product-type-simple"},"acf":[],"_links":{"self":[{"href":"https:\/\/innocentiemangonipiante.it\/de\/wp-json\/wp\/v2\/product\/15653","targetHints":{"allow":["GET"]}}],"collection":[{"href":"https:\/\/innocentiemangonipiante.it\/de\/wp-json\/wp\/v2\/product"}],"about":[{"href":"https:\/\/innocentiemangonipiante.it\/de\/wp-json\/wp\/v2\/types\/product"}],"wp:featuredmedia":[{"embeddable":true,"href":"https:\/\/innocentiemangonipiante.it\/de\/wp-json\/wp\/v2\/media\/5980"}],"wp:attachment":[{"href":"https:\/\/innocentiemangonipiante.it\/de\/wp-json\/wp\/v2\/media?parent=15653"}],"wp:term":[{"taxonomy":"product_brand","embeddable":true,"href":"https:\/\/innocentiemangonipiante.it\/de\/wp-json\/wp\/v2\/product_brand?post=15653"},{"taxonomy":"product_cat","embeddable":true,"href":"https:\/\/innocentiemangonipiante.it\/de\/wp-json\/wp\/v2\/product_cat?post=15653"},{"taxonomy":"product_tag","embeddable":true,"href":"https:\/\/innocentiemangonipiante.it\/de\/wp-json\/wp\/v2\/product_tag?post=15653"}],"curies":[{"name":"wp","href":"https:\/\/api.w.org\/{rel}","templated":true}]}}