{"id":15654,"date":"2023-11-04T03:21:46","date_gmt":"2023-11-04T02:21:46","guid":{"rendered":"http:\/\/innocentiemangonipiante.it\/vitex-agnus-castus\/"},"modified":"2023-11-08T13:58:03","modified_gmt":"2023-11-08T12:58:03","slug":"vitex-agnus-castus","status":"publish","type":"product","link":"https:\/\/innocentiemangonipiante.it\/de\/vitex-agnus-castus\/","title":{"rendered":"VITEX agnus-castus"},"content":{"rendered":"<p>Sommergr\u00fcner Strauch mit mittelgr\u00fcnem gew\u00fcrzigem und duftendem Blattwerk. Im August-September produziert es leuchtendblau-lilafarbige Bl\u00fcten, auf aufrechten bis 13-18 hohe Trauben.<\/p>\n","protected":false},"excerpt":{"rendered":"<p>Sommergr\u00fcner Strauch mit mittelgr\u00fcnem gew\u00fcrzigem und duftendem Blattwerk. Im August-September produziert es leuchtendblau-lilafarbige Bl\u00fcten, auf aufrechten bis 13-18 hohe Trauben.<\/p>\n","protected":false},"featured_media":5998,"template":"","meta":{"_acf_changed":false},"product_brand":[],"product_cat":[8813,9231],"product_tag":[10898],"class_list":{"0":"post-15654","1":"product","2":"type-product","3":"status-publish","4":"has-post-thumbnail","6":"product_cat-laubbaume-und-straucher","7":"product_cat-baume-und-pflanzen-der-zukunft","8":"product_tag-naturlichen","9":"pa_altezza-massima-300-de","10":"pa_altezza-massima-600-de","11":"pa_colore-fioritura-blau","12":"pa_condizionamento-clt-de","13":"pa_famiglia-verbenaceae-de","14":"pa_genere-vitex-de","15":"pa_origine-europaischen-mittelmeeres","16":"pa_periodo-fioritura-august-de","17":"pa_periodo-fioritura-september-de","18":"pa_portamento-arrotondato-de","19":"pa_profumo-intensiv","20":"pa_resistenza-climatica-mittel-hoch","21":"pa_resistenza-del-suolo-bestandig-gegen-kalkhaltige-boden","22":"pa_resistenza-del-suolo-bestandig-gegen-trockene-boden","23":"pa_salinita-bestaendigkeit-in-meeresluft","24":"pa_utilizzo-kleine-gaerten","25":"pa_utilizzo-parks-de","27":"first","28":"instock","29":"purchasable","30":"product-type-simple"},"acf":[],"_links":{"self":[{"href":"https:\/\/innocentiemangonipiante.it\/de\/wp-json\/wp\/v2\/product\/15654","targetHints":{"allow":["GET"]}}],"collection":[{"href":"https:\/\/innocentiemangonipiante.it\/de\/wp-json\/wp\/v2\/product"}],"about":[{"href":"https:\/\/innocentiemangonipiante.it\/de\/wp-json\/wp\/v2\/types\/product"}],"wp:featuredmedia":[{"embeddable":true,"href":"https:\/\/innocentiemangonipiante.it\/de\/wp-json\/wp\/v2\/media\/5998"}],"wp:attachment":[{"href":"https:\/\/innocentiemangonipiante.it\/de\/wp-json\/wp\/v2\/media?parent=15654"}],"wp:term":[{"taxonomy":"product_brand","embeddable":true,"href":"https:\/\/innocentiemangonipiante.it\/de\/wp-json\/wp\/v2\/product_brand?post=15654"},{"taxonomy":"product_cat","embeddable":true,"href":"https:\/\/innocentiemangonipiante.it\/de\/wp-json\/wp\/v2\/product_cat?post=15654"},{"taxonomy":"product_tag","embeddable":true,"href":"https:\/\/innocentiemangonipiante.it\/de\/wp-json\/wp\/v2\/product_tag?post=15654"}],"curies":[{"name":"wp","href":"https:\/\/api.w.org\/{rel}","templated":true}]}}