{"id":15655,"date":"2023-11-04T03:21:52","date_gmt":"2023-11-04T02:21:52","guid":{"rendered":"http:\/\/innocentiemangonipiante.it\/vitis-coignetiae\/"},"modified":"2023-11-08T13:58:05","modified_gmt":"2023-11-08T12:58:05","slug":"vitis-coignetiae","status":"publish","type":"product","link":"https:\/\/innocentiemangonipiante.it\/de\/vitis-coignetiae\/","title":{"rendered":"VITIS coignetiae"},"content":{"rendered":"<p>Kr\u00e4ftige, sommergr\u00fcne Kletterpflanze, mit grossen Herzf\u00f6rmigen Bl\u00e4ttern mit unregelm\u00e4ssigen R\u00e4ndern, bis 30 cm lang. Sch\u00f6ne leuchtenrote Herbstf\u00e4rbung. Rundliche schlechtschmeckende Fr\u00fcchte im Herbst.<\/p>\n","protected":false},"excerpt":{"rendered":"<p>Kr\u00e4ftige, sommergr\u00fcne Kletterpflanze, mit grossen Herzf\u00f6rmigen Bl\u00e4ttern mit unregelm\u00e4ssigen R\u00e4ndern, bis 30 cm lang. Sch\u00f6ne leuchtenrote Herbstf\u00e4rbung. Rundliche schlechtschmeckende Fr\u00fcchte im Herbst.<\/p>\n","protected":false},"featured_media":6004,"template":"","meta":{"_acf_changed":false},"product_brand":[],"product_cat":[8809],"product_tag":[10898],"class_list":{"0":"post-15655","1":"product","2":"type-product","3":"status-publish","4":"has-post-thumbnail","6":"product_cat-obst-baeume","7":"product_tag-naturlichen","8":"pa_altezza-massima-1000-de-2","9":"pa_altezza-massima-15-meter","10":"pa_condizionamento-clt-de","11":"pa_famiglia-vitaceae-de","12":"pa_genere-vitis-de","13":"pa_origine-asien","14":"pa_periodo-fruttificazione-oktober","15":"pa_periodo-fruttificazione-september-de","16":"pa_resistenza-climatica-mittel-hoch","17":"pa_resistenza-del-suolo-bestandig-gegen-kalkhaltige-boden","18":"pa_resistenza-del-suolo-bestandig-gegen-trockene-boden","19":"pa_utilizzo-kleine-gaerten","20":"pa_utilizzo-parks-de","22":"first","23":"instock","24":"purchasable","25":"product-type-simple"},"acf":[],"_links":{"self":[{"href":"https:\/\/innocentiemangonipiante.it\/de\/wp-json\/wp\/v2\/product\/15655","targetHints":{"allow":["GET"]}}],"collection":[{"href":"https:\/\/innocentiemangonipiante.it\/de\/wp-json\/wp\/v2\/product"}],"about":[{"href":"https:\/\/innocentiemangonipiante.it\/de\/wp-json\/wp\/v2\/types\/product"}],"wp:featuredmedia":[{"embeddable":true,"href":"https:\/\/innocentiemangonipiante.it\/de\/wp-json\/wp\/v2\/media\/6004"}],"wp:attachment":[{"href":"https:\/\/innocentiemangonipiante.it\/de\/wp-json\/wp\/v2\/media?parent=15655"}],"wp:term":[{"taxonomy":"product_brand","embeddable":true,"href":"https:\/\/innocentiemangonipiante.it\/de\/wp-json\/wp\/v2\/product_brand?post=15655"},{"taxonomy":"product_cat","embeddable":true,"href":"https:\/\/innocentiemangonipiante.it\/de\/wp-json\/wp\/v2\/product_cat?post=15655"},{"taxonomy":"product_tag","embeddable":true,"href":"https:\/\/innocentiemangonipiante.it\/de\/wp-json\/wp\/v2\/product_tag?post=15655"}],"curies":[{"name":"wp","href":"https:\/\/api.w.org\/{rel}","templated":true}]}}