{"id":15657,"date":"2023-11-04T03:25:15","date_gmt":"2023-11-04T02:25:15","guid":{"rendered":"http:\/\/innocentiemangonipiante.it\/weigela-florida-minor-black\/"},"modified":"2023-11-08T13:59:48","modified_gmt":"2023-11-08T12:59:48","slug":"weigela-florida-minor-black","status":"publish","type":"product","link":"https:\/\/innocentiemangonipiante.it\/de\/weigela-florida-minor-black\/","title":{"rendered":"WEIGELA florida &#8218;Minor Black&#8216;"},"content":{"rendered":"<p>Zwergwuchsiger, kompakter Strauch mit rotbraunen Laub. Rosapurpurrote Bl\u00fcte im Sp\u00e4tfr\u00fchling bis Sommeranfang.<\/p>\n","protected":false},"excerpt":{"rendered":"<p>Zwergwuchsiger, kompakter Strauch mit rotbraunen Laub. Rosapurpurrote Bl\u00fcte im Sp\u00e4tfr\u00fchling bis Sommeranfang.<\/p>\n","protected":false},"featured_media":6018,"template":"","meta":{"_acf_changed":false},"product_brand":[],"product_cat":[8813],"product_tag":[10898],"class_list":{"0":"post-15657","1":"product","2":"type-product","3":"status-publish","4":"has-post-thumbnail","6":"product_cat-laubbaume-und-straucher","7":"product_tag-naturlichen","8":"pa_altezza-massima-0_50-meter","9":"pa_altezza-massima-0_75-meter","10":"pa_colore-delle-foglie-roten","11":"pa_colore-fioritura-rose-de","12":"pa_condizionamento-clt-de","13":"pa_famiglia-caprifoliaceae-de","14":"pa_genere-weigela-de","15":"pa_origine-holland-de","16":"pa_periodo-fioritura-juni","17":"pa_periodo-fioritura-mai-de","18":"pa_portamento-arrotondato-de","19":"pa_resistenza-climatica-sehr-hoch","20":"pa_resistenza-del-suolo-bestandig-gegen-kalkhaltige-boden","21":"pa_salinita-bestaendigkeit-in-meeresluft","22":"pa_utilizzo-balkone","23":"pa_utilizzo-kleine-gaerten","25":"first","26":"instock","27":"purchasable","28":"product-type-simple"},"acf":[],"_links":{"self":[{"href":"https:\/\/innocentiemangonipiante.it\/de\/wp-json\/wp\/v2\/product\/15657","targetHints":{"allow":["GET"]}}],"collection":[{"href":"https:\/\/innocentiemangonipiante.it\/de\/wp-json\/wp\/v2\/product"}],"about":[{"href":"https:\/\/innocentiemangonipiante.it\/de\/wp-json\/wp\/v2\/types\/product"}],"wp:featuredmedia":[{"embeddable":true,"href":"https:\/\/innocentiemangonipiante.it\/de\/wp-json\/wp\/v2\/media\/6018"}],"wp:attachment":[{"href":"https:\/\/innocentiemangonipiante.it\/de\/wp-json\/wp\/v2\/media?parent=15657"}],"wp:term":[{"taxonomy":"product_brand","embeddable":true,"href":"https:\/\/innocentiemangonipiante.it\/de\/wp-json\/wp\/v2\/product_brand?post=15657"},{"taxonomy":"product_cat","embeddable":true,"href":"https:\/\/innocentiemangonipiante.it\/de\/wp-json\/wp\/v2\/product_cat?post=15657"},{"taxonomy":"product_tag","embeddable":true,"href":"https:\/\/innocentiemangonipiante.it\/de\/wp-json\/wp\/v2\/product_tag?post=15657"}],"curies":[{"name":"wp","href":"https:\/\/api.w.org\/{rel}","templated":true}]}}