{"id":15658,"date":"2023-11-04T03:25:03","date_gmt":"2023-11-04T02:25:03","guid":{"rendered":"http:\/\/innocentiemangonipiante.it\/weigela-bristol-ruby\/"},"modified":"2023-11-08T13:59:43","modified_gmt":"2023-11-08T12:59:43","slug":"weigela-bristol-ruby","status":"publish","type":"product","link":"https:\/\/innocentiemangonipiante.it\/de\/weigela-bristol-ruby\/","title":{"rendered":"WEIGELA &#8218;Bristol Ruby&#8216;"},"content":{"rendered":"<p>Aufrechter, sommergr\u00fcner Strauch mit ovalen dunkelgr\u00fcnen Bl\u00e4ttern. Im sp\u00e4ten Fr\u00fchjahr sprie\u00dfen aus dunkelroten Knospen dunkelrote Glockenbl\u00fcten.<\/p>\n","protected":false},"excerpt":{"rendered":"<p>Aufrechter, sommergr\u00fcner Strauch mit ovalen dunkelgr\u00fcnen Bl\u00e4ttern. Im sp\u00e4ten Fr\u00fchjahr sprie\u00dfen aus dunkelroten Knospen dunkelrote Glockenbl\u00fcten.<\/p>\n","protected":false},"featured_media":6011,"template":"","meta":{"_acf_changed":false},"product_brand":[],"product_cat":[8813],"product_tag":[10898],"class_list":{"0":"post-15658","1":"product","2":"type-product","3":"status-publish","4":"has-post-thumbnail","6":"product_cat-laubbaume-und-straucher","7":"product_tag-naturlichen","8":"pa_altezza-massima-200-de","9":"pa_altezza-massima-300-de","10":"pa_colore-fioritura-rot","11":"pa_condizionamento-clt-de","12":"pa_famiglia-caprifoliaceae-de","13":"pa_genere-weigela-de","14":"pa_origine-u-s-a","15":"pa_periodo-fioritura-juni","16":"pa_periodo-fioritura-mai-de","17":"pa_portamento-arrotondato-de","18":"pa_resistenza-climatica-sehr-hoch","19":"pa_resistenza-del-suolo-bestandig-gegen-kalkhaltige-boden","20":"pa_salinita-bestaendigkeit-in-meeresluft","21":"pa_utilizzo-kleine-gaerten","22":"pa_utilizzo-parks-de","24":"first","25":"instock","26":"purchasable","27":"product-type-simple"},"acf":[],"_links":{"self":[{"href":"https:\/\/innocentiemangonipiante.it\/de\/wp-json\/wp\/v2\/product\/15658","targetHints":{"allow":["GET"]}}],"collection":[{"href":"https:\/\/innocentiemangonipiante.it\/de\/wp-json\/wp\/v2\/product"}],"about":[{"href":"https:\/\/innocentiemangonipiante.it\/de\/wp-json\/wp\/v2\/types\/product"}],"wp:featuredmedia":[{"embeddable":true,"href":"https:\/\/innocentiemangonipiante.it\/de\/wp-json\/wp\/v2\/media\/6011"}],"wp:attachment":[{"href":"https:\/\/innocentiemangonipiante.it\/de\/wp-json\/wp\/v2\/media?parent=15658"}],"wp:term":[{"taxonomy":"product_brand","embeddable":true,"href":"https:\/\/innocentiemangonipiante.it\/de\/wp-json\/wp\/v2\/product_brand?post=15658"},{"taxonomy":"product_cat","embeddable":true,"href":"https:\/\/innocentiemangonipiante.it\/de\/wp-json\/wp\/v2\/product_cat?post=15658"},{"taxonomy":"product_tag","embeddable":true,"href":"https:\/\/innocentiemangonipiante.it\/de\/wp-json\/wp\/v2\/product_tag?post=15658"}],"curies":[{"name":"wp","href":"https:\/\/api.w.org\/{rel}","templated":true}]}}