{"id":15659,"date":"2023-11-04T03:24:58","date_gmt":"2023-11-04T02:24:58","guid":{"rendered":"http:\/\/innocentiemangonipiante.it\/weigela-abel-carriere\/"},"modified":"2023-11-08T13:59:40","modified_gmt":"2023-11-08T12:59:40","slug":"weigela-abel-carriere","status":"publish","type":"product","link":"https:\/\/innocentiemangonipiante.it\/de\/weigela-abel-carriere\/","title":{"rendered":"WEIGELA &#8218;Abel Carriere&#8216;"},"content":{"rendered":"<p>Sommergr\u00fcner ausladender Strauch mit ovalen dunkelgr\u00fcnen Bl\u00e4ttern. Ende Fr\u00fchjahr sprie\u00dfen aus purpurroten Knospen rot-rosafarbene Glockenbl\u00fcten mit gelben Flecken auf dem Stiel.<\/p>\n","protected":false},"excerpt":{"rendered":"<p>Sommergr\u00fcner ausladender Strauch mit ovalen dunkelgr\u00fcnen Bl\u00e4ttern. Ende Fr\u00fchjahr sprie\u00dfen aus purpurroten Knospen rot-rosafarbene Glockenbl\u00fcten mit gelben Flecken auf dem Stiel.<\/p>\n","protected":false},"featured_media":0,"template":"","meta":{"_acf_changed":false},"product_brand":[],"product_cat":[8813],"product_tag":[10898],"class_list":{"0":"post-15659","1":"product","2":"type-product","3":"status-publish","5":"product_cat-laubbaume-und-straucher","6":"product_tag-naturlichen","7":"pa_altezza-massima-150-de","8":"pa_altezza-massima-200-de","9":"pa_colore-fioritura-rot","10":"pa_condizionamento-clt-de","11":"pa_famiglia-caprifoliaceae-de","12":"pa_genere-weigela-de","13":"pa_origine-u-s-a","14":"pa_periodo-fioritura-juni","15":"pa_periodo-fioritura-mai-de","16":"pa_portamento-arrotondato-de","17":"pa_resistenza-climatica-sehr-hoch","18":"pa_resistenza-del-suolo-bestandig-gegen-kalkhaltige-boden","19":"pa_salinita-bestaendigkeit-in-meeresluft","20":"pa_utilizzo-balkone","21":"pa_utilizzo-hecken","22":"pa_utilizzo-kleine-gaerten","24":"first","25":"instock","26":"purchasable","27":"product-type-simple"},"acf":[],"_links":{"self":[{"href":"https:\/\/innocentiemangonipiante.it\/de\/wp-json\/wp\/v2\/product\/15659","targetHints":{"allow":["GET"]}}],"collection":[{"href":"https:\/\/innocentiemangonipiante.it\/de\/wp-json\/wp\/v2\/product"}],"about":[{"href":"https:\/\/innocentiemangonipiante.it\/de\/wp-json\/wp\/v2\/types\/product"}],"wp:attachment":[{"href":"https:\/\/innocentiemangonipiante.it\/de\/wp-json\/wp\/v2\/media?parent=15659"}],"wp:term":[{"taxonomy":"product_brand","embeddable":true,"href":"https:\/\/innocentiemangonipiante.it\/de\/wp-json\/wp\/v2\/product_brand?post=15659"},{"taxonomy":"product_cat","embeddable":true,"href":"https:\/\/innocentiemangonipiante.it\/de\/wp-json\/wp\/v2\/product_cat?post=15659"},{"taxonomy":"product_tag","embeddable":true,"href":"https:\/\/innocentiemangonipiante.it\/de\/wp-json\/wp\/v2\/product_tag?post=15659"}],"curies":[{"name":"wp","href":"https:\/\/api.w.org\/{rel}","templated":true}]}}