{"id":15660,"date":"2023-11-04T03:25:27","date_gmt":"2023-11-04T02:25:27","guid":{"rendered":"http:\/\/innocentiemangonipiante.it\/westringia-fruticosa\/"},"modified":"2023-11-08T14:00:07","modified_gmt":"2023-11-08T13:00:07","slug":"westringia-fruticosa","status":"publish","type":"product","link":"https:\/\/innocentiemangonipiante.it\/de\/westringia-fruticosa\/","title":{"rendered":"WESTRINGIA fruticosa"},"content":{"rendered":"<p>Immergr\u00fcner, rundlicher, buschiger Strauch. Erst aufrecht dann ausweitend, mit linearen\/eng- lanzettartigen bis 2,5cm mittelgr\u00fcnen Bl\u00e4ttern. Vom Sp\u00e4tfr\u00fchling bis Herbstanfang produziert es weiss- bis blassblaue rohrenf\u00f6rmige Bl\u00fcten.<\/p>\n","protected":false},"excerpt":{"rendered":"<p>Immergr\u00fcner, rundlicher, buschiger Strauch. Erst aufrecht dann ausweitend, mit linearen\/eng- lanzettartigen bis 2,5cm mittelgr\u00fcnen Bl\u00e4ttern. Vom Sp\u00e4tfr\u00fchling bis Herbstanfang produziert es weiss- bis blassblaue rohrenf\u00f6rmige Bl\u00fcten.<\/p>\n","protected":false},"featured_media":6024,"template":"","meta":{"_acf_changed":false},"product_brand":[],"product_cat":[9231,8318],"product_tag":[10898,8705],"class_list":{"0":"post-15660","1":"product","2":"type-product","3":"status-publish","4":"has-post-thumbnail","6":"product_cat-baume-und-pflanzen-der-zukunft","7":"product_cat-keine-kategorie","8":"product_tag-naturlichen","9":"product_tag-kugel","10":"pa_altezza-massima-100-de","11":"pa_altezza-massima-150-de","12":"pa_colore-fioritura-weis","13":"pa_condizionamento-clt-de","14":"pa_famiglia-lamiaceae-de","15":"pa_genere-westringia-de","16":"pa_origine-australien","17":"pa_periodo-fioritura-august-de","18":"pa_periodo-fioritura-juli","19":"pa_periodo-fioritura-juni","20":"pa_periodo-fioritura-mai-de","21":"pa_periodo-fioritura-september-de","22":"pa_portamento-arrotondato-de","23":"pa_resistenza-climatica-sehr-niedrig","24":"pa_resistenza-del-suolo-bestandig-gegen-trockene-boden","25":"pa_salinita-bestaendigkeit-in-meeresluft","26":"pa_utilizzo-balkone","27":"pa_utilizzo-hecken","28":"pa_utilizzo-kleine-gaerten","30":"first","31":"instock","32":"purchasable","33":"product-type-simple"},"acf":[],"_links":{"self":[{"href":"https:\/\/innocentiemangonipiante.it\/de\/wp-json\/wp\/v2\/product\/15660","targetHints":{"allow":["GET"]}}],"collection":[{"href":"https:\/\/innocentiemangonipiante.it\/de\/wp-json\/wp\/v2\/product"}],"about":[{"href":"https:\/\/innocentiemangonipiante.it\/de\/wp-json\/wp\/v2\/types\/product"}],"wp:featuredmedia":[{"embeddable":true,"href":"https:\/\/innocentiemangonipiante.it\/de\/wp-json\/wp\/v2\/media\/6024"}],"wp:attachment":[{"href":"https:\/\/innocentiemangonipiante.it\/de\/wp-json\/wp\/v2\/media?parent=15660"}],"wp:term":[{"taxonomy":"product_brand","embeddable":true,"href":"https:\/\/innocentiemangonipiante.it\/de\/wp-json\/wp\/v2\/product_brand?post=15660"},{"taxonomy":"product_cat","embeddable":true,"href":"https:\/\/innocentiemangonipiante.it\/de\/wp-json\/wp\/v2\/product_cat?post=15660"},{"taxonomy":"product_tag","embeddable":true,"href":"https:\/\/innocentiemangonipiante.it\/de\/wp-json\/wp\/v2\/product_tag?post=15660"}],"curies":[{"name":"wp","href":"https:\/\/api.w.org\/{rel}","templated":true}]}}