{"id":15661,"date":"2023-11-04T03:27:50","date_gmt":"2023-11-04T02:27:50","guid":{"rendered":"http:\/\/innocentiemangonipiante.it\/wisteria-sinensis-prolific\/"},"modified":"2023-11-08T14:01:33","modified_gmt":"2023-11-08T13:01:33","slug":"wisteria-sinensis-prolific","status":"publish","type":"product","link":"https:\/\/innocentiemangonipiante.it\/de\/wisteria-sinensis-prolific\/","title":{"rendered":"WISTERIA sinensis &#8218;Prolific&#8216;"},"content":{"rendered":"<p>Einfache, violett-lila Bl\u00fcten mit einem leichten, gelben Fleck in der Mitte. Die Trauben sind 25-30 cm lang. Sehr beliebt wegen seiner reichen Bl\u00fcte. Fr\u00fche Bl\u00fcte mit guter Zweitbl\u00fcte im Juni-Juli.<\/p>\n","protected":false},"excerpt":{"rendered":"<p>Einfache, violett-lila Bl\u00fcten mit einem leichten, gelben Fleck in der Mitte. Die Trauben sind 25-30 cm lang. Sehr beliebt wegen seiner reichen Bl\u00fcte. Fr\u00fche Bl\u00fcte mit guter Zweitbl\u00fcte im Juni-Juli.<\/p>\n","protected":false},"featured_media":6074,"template":"","meta":{"_acf_changed":false},"product_brand":[],"product_cat":[8837],"product_tag":[10898,8453,8736,13891,8565,8401,8751],"class_list":{"0":"post-15661","1":"product","2":"type-product","3":"status-publish","4":"has-post-thumbnail","6":"product_cat-schlingpflanzen","7":"product_tag-naturlichen","8":"product_tag-bogen","9":"product_tag-fusstamm","10":"product_tag-h-st-schirm","11":"product_tag-halbstamm","12":"product_tag-hochstamm","13":"product_tag-spalier","14":"pa_altezza-massima-1000-de-2","15":"pa_altezza-massima-15-meter","16":"pa_colore-fioritura-violett","17":"pa_condizionamento-clt-de","18":"pa_condizionamento-viereckigertops","19":"pa_famiglia-leguminosae-de","20":"pa_genere-wisteria-de","21":"pa_origine-ostasien","22":"pa_periodo-fioritura-april-de","23":"pa_periodo-fioritura-juli","24":"pa_periodo-fioritura-juni","25":"pa_profumo-intensiv","26":"pa_resistenza-climatica-mittel-hoch","27":"pa_resistenza-del-suolo-bestandig-gegen-kalkhaltige-boden","28":"pa_salinita-bestaendigkeit-in-meeresluft","29":"pa_utilizzo-parks-de","31":"first","32":"instock","33":"purchasable","34":"product-type-simple"},"acf":[],"_links":{"self":[{"href":"https:\/\/innocentiemangonipiante.it\/de\/wp-json\/wp\/v2\/product\/15661","targetHints":{"allow":["GET"]}}],"collection":[{"href":"https:\/\/innocentiemangonipiante.it\/de\/wp-json\/wp\/v2\/product"}],"about":[{"href":"https:\/\/innocentiemangonipiante.it\/de\/wp-json\/wp\/v2\/types\/product"}],"wp:featuredmedia":[{"embeddable":true,"href":"https:\/\/innocentiemangonipiante.it\/de\/wp-json\/wp\/v2\/media\/6074"}],"wp:attachment":[{"href":"https:\/\/innocentiemangonipiante.it\/de\/wp-json\/wp\/v2\/media?parent=15661"}],"wp:term":[{"taxonomy":"product_brand","embeddable":true,"href":"https:\/\/innocentiemangonipiante.it\/de\/wp-json\/wp\/v2\/product_brand?post=15661"},{"taxonomy":"product_cat","embeddable":true,"href":"https:\/\/innocentiemangonipiante.it\/de\/wp-json\/wp\/v2\/product_cat?post=15661"},{"taxonomy":"product_tag","embeddable":true,"href":"https:\/\/innocentiemangonipiante.it\/de\/wp-json\/wp\/v2\/product_tag?post=15661"}],"curies":[{"name":"wp","href":"https:\/\/api.w.org\/{rel}","templated":true}]}}