{"id":15662,"date":"2023-11-04T03:27:44","date_gmt":"2023-11-04T02:27:44","guid":{"rendered":"http:\/\/innocentiemangonipiante.it\/wisteria-sinensis-amethyst\/"},"modified":"2023-11-08T14:01:31","modified_gmt":"2023-11-08T13:01:31","slug":"wisteria-sinensis-amethyst","status":"publish","type":"product","link":"https:\/\/innocentiemangonipiante.it\/de\/wisteria-sinensis-amethyst\/","title":{"rendered":"WISTERIA sinensis &#8218;Amethyst&#8216;"},"content":{"rendered":"<p>Sehr reichliche blaue Bl\u00fcten. Langsamer Wuchs. Am anfang der Vegetation sind die Bl\u00e4tter bronzen gef\u00e4rbt werden sp\u00e4ter leuchtend gr\u00fcn.<\/p>\n","protected":false},"excerpt":{"rendered":"<p>Sehr reichliche blaue Bl\u00fcten. Langsamer Wuchs. Am anfang der Vegetation sind die Bl\u00e4tter bronzen gef\u00e4rbt werden sp\u00e4ter leuchtend gr\u00fcn.<\/p>\n","protected":false},"featured_media":0,"template":"","meta":{"_acf_changed":false},"product_brand":[],"product_cat":[8837],"product_tag":[10898,8453,8736,13891,8565,8401,8751],"class_list":{"0":"post-15662","1":"product","2":"type-product","3":"status-publish","5":"product_cat-schlingpflanzen","6":"product_tag-naturlichen","7":"product_tag-bogen","8":"product_tag-fusstamm","9":"product_tag-h-st-schirm","10":"product_tag-halbstamm","11":"product_tag-hochstamm","12":"product_tag-spalier","13":"pa_altezza-massima-1000-de-2","14":"pa_altezza-massima-15-meter","15":"pa_colore-fioritura-blau","16":"pa_condizionamento-clt-de","17":"pa_condizionamento-viereckigertops","18":"pa_famiglia-leguminosae-de","19":"pa_genere-wisteria-de","20":"pa_origine-china-de","21":"pa_periodo-fioritura-april-de","22":"pa_profumo-intensiv","23":"pa_resistenza-climatica-mittel-hoch","24":"pa_resistenza-del-suolo-bestandig-gegen-kalkhaltige-boden","25":"pa_utilizzo-parks-de","27":"first","28":"instock","29":"purchasable","30":"product-type-simple"},"acf":[],"_links":{"self":[{"href":"https:\/\/innocentiemangonipiante.it\/de\/wp-json\/wp\/v2\/product\/15662","targetHints":{"allow":["GET"]}}],"collection":[{"href":"https:\/\/innocentiemangonipiante.it\/de\/wp-json\/wp\/v2\/product"}],"about":[{"href":"https:\/\/innocentiemangonipiante.it\/de\/wp-json\/wp\/v2\/types\/product"}],"wp:attachment":[{"href":"https:\/\/innocentiemangonipiante.it\/de\/wp-json\/wp\/v2\/media?parent=15662"}],"wp:term":[{"taxonomy":"product_brand","embeddable":true,"href":"https:\/\/innocentiemangonipiante.it\/de\/wp-json\/wp\/v2\/product_brand?post=15662"},{"taxonomy":"product_cat","embeddable":true,"href":"https:\/\/innocentiemangonipiante.it\/de\/wp-json\/wp\/v2\/product_cat?post=15662"},{"taxonomy":"product_tag","embeddable":true,"href":"https:\/\/innocentiemangonipiante.it\/de\/wp-json\/wp\/v2\/product_tag?post=15662"}],"curies":[{"name":"wp","href":"https:\/\/api.w.org\/{rel}","templated":true}]}}