{"id":15666,"date":"2023-11-04T03:28:09","date_gmt":"2023-11-04T02:28:09","guid":{"rendered":"http:\/\/innocentiemangonipiante.it\/wisteria-x-formosa-jissai\/"},"modified":"2023-11-08T14:01:41","modified_gmt":"2023-11-08T13:01:41","slug":"wisteria-x-formosa-jissai","status":"publish","type":"product","link":"https:\/\/innocentiemangonipiante.it\/de\/wisteria-x-formosa-jissai\/","title":{"rendered":"WISTERIA x formosa &#8218;Jissai&#8216;"},"content":{"rendered":"<p>Nat\u00fcrliche Zwitterpflanze japanischen Ursprungs. Gro\u00dfe, hellblaue, kaum duftende Bl\u00fcten in sehr eleganten, 25-35 cm langen Trauben. Fr\u00fche Bl\u00fcte mit guter Zweitbl\u00fcte im Juni-Juli. Bl\u00fcht bereits ab dem 1\u00b0- 2\u00b0 Jahr.<\/p>\n","protected":false},"excerpt":{"rendered":"<p>Nat\u00fcrliche Zwitterpflanze japanischen Ursprungs. Gro\u00dfe, hellblaue, kaum duftende Bl\u00fcten in sehr eleganten, 25-35 cm langen Trauben. Fr\u00fche Bl\u00fcte mit guter Zweitbl\u00fcte im Juni-Juli. Bl\u00fcht bereits ab dem 1\u00b0- 2\u00b0 Jahr.<\/p>\n","protected":false},"featured_media":6085,"template":"","meta":{"_acf_changed":false},"product_brand":[],"product_cat":[8837],"product_tag":[10898,8565,8401,8751],"class_list":{"0":"post-15666","1":"product","2":"type-product","3":"status-publish","4":"has-post-thumbnail","6":"product_cat-schlingpflanzen","7":"product_tag-naturlichen","8":"product_tag-halbstamm","9":"product_tag-hochstamm","10":"product_tag-spalier","11":"pa_altezza-massima-800-de","12":"pa_altezza-massima-1000-de-2","13":"pa_colore-fioritura-lila","14":"pa_condizionamento-clt-de","15":"pa_famiglia-leguminosae-de","16":"pa_genere-wisteria-de","17":"pa_origine-japan-de","18":"pa_periodo-fioritura-april-de","19":"pa_periodo-fioritura-juli","20":"pa_periodo-fioritura-juni","21":"pa_profumo-zart","22":"pa_resistenza-climatica-mittel-hoch","23":"pa_resistenza-del-suolo-bestandig-gegen-kalkhaltige-boden","24":"pa_utilizzo-parks-de","26":"first","27":"instock","28":"purchasable","29":"product-type-simple"},"acf":[],"_links":{"self":[{"href":"https:\/\/innocentiemangonipiante.it\/de\/wp-json\/wp\/v2\/product\/15666","targetHints":{"allow":["GET"]}}],"collection":[{"href":"https:\/\/innocentiemangonipiante.it\/de\/wp-json\/wp\/v2\/product"}],"about":[{"href":"https:\/\/innocentiemangonipiante.it\/de\/wp-json\/wp\/v2\/types\/product"}],"wp:featuredmedia":[{"embeddable":true,"href":"https:\/\/innocentiemangonipiante.it\/de\/wp-json\/wp\/v2\/media\/6085"}],"wp:attachment":[{"href":"https:\/\/innocentiemangonipiante.it\/de\/wp-json\/wp\/v2\/media?parent=15666"}],"wp:term":[{"taxonomy":"product_brand","embeddable":true,"href":"https:\/\/innocentiemangonipiante.it\/de\/wp-json\/wp\/v2\/product_brand?post=15666"},{"taxonomy":"product_cat","embeddable":true,"href":"https:\/\/innocentiemangonipiante.it\/de\/wp-json\/wp\/v2\/product_cat?post=15666"},{"taxonomy":"product_tag","embeddable":true,"href":"https:\/\/innocentiemangonipiante.it\/de\/wp-json\/wp\/v2\/product_tag?post=15666"}],"curies":[{"name":"wp","href":"https:\/\/api.w.org\/{rel}","templated":true}]}}