{"id":15667,"date":"2023-11-04T03:27:18","date_gmt":"2023-11-04T02:27:18","guid":{"rendered":"http:\/\/innocentiemangonipiante.it\/wisteria-floribunda-royal-purple\/"},"modified":"2023-11-08T14:01:21","modified_gmt":"2023-11-08T13:01:21","slug":"wisteria-floribunda-royal-purple","status":"publish","type":"product","link":"https:\/\/innocentiemangonipiante.it\/de\/wisteria-floribunda-royal-purple\/","title":{"rendered":"WISTERIA floribunda &#8218;Royal Purple&#8216;"},"content":{"rendered":"<p>Blau-violette Bl\u00fcten, nicht sehr duftend, in 30-50 cm langen, lockeren und sehr eleganten Trauben. Die schmalen, spitz zulaufenden Bl\u00e4tter haben eine intensiv dunkelgr\u00fcne Farbe.<\/p>\n","protected":false},"excerpt":{"rendered":"<p>Blau-violette Bl\u00fcten, nicht sehr duftend, in 30-50 cm langen, lockeren und sehr eleganten Trauben. Die schmalen, spitz zulaufenden Bl\u00e4tter haben eine intensiv dunkelgr\u00fcne Farbe.<\/p>\n","protected":false},"featured_media":63580,"template":"","meta":{"_acf_changed":false},"product_brand":[],"product_cat":[8837],"product_tag":[10898,8453,8736,13891,8565,8401,8751],"class_list":{"0":"post-15667","1":"product","2":"type-product","3":"status-publish","4":"has-post-thumbnail","6":"product_cat-schlingpflanzen","7":"product_tag-naturlichen","8":"product_tag-bogen","9":"product_tag-fusstamm","10":"product_tag-h-st-schirm","11":"product_tag-halbstamm","12":"product_tag-hochstamm","13":"product_tag-spalier","14":"pa_altezza-massima-800-de","15":"pa_altezza-massima-1000-de-2","16":"pa_colore-fioritura-blau","17":"pa_condizionamento-clt-de","18":"pa_condizionamento-viereckigertops","19":"pa_famiglia-leguminosae-de","20":"pa_genere-wisteria-de","21":"pa_origine-japan-de","22":"pa_periodo-fioritura-april-de","23":"pa_profumo-zart","24":"pa_resistenza-climatica-mittel-hoch","25":"pa_resistenza-del-suolo-bestandig-gegen-kalkhaltige-boden","26":"pa_utilizzo-parks-de","28":"first","29":"instock","30":"purchasable","31":"product-type-simple"},"acf":[],"_links":{"self":[{"href":"https:\/\/innocentiemangonipiante.it\/de\/wp-json\/wp\/v2\/product\/15667","targetHints":{"allow":["GET"]}}],"collection":[{"href":"https:\/\/innocentiemangonipiante.it\/de\/wp-json\/wp\/v2\/product"}],"about":[{"href":"https:\/\/innocentiemangonipiante.it\/de\/wp-json\/wp\/v2\/types\/product"}],"wp:featuredmedia":[{"embeddable":true,"href":"https:\/\/innocentiemangonipiante.it\/de\/wp-json\/wp\/v2\/media\/63580"}],"wp:attachment":[{"href":"https:\/\/innocentiemangonipiante.it\/de\/wp-json\/wp\/v2\/media?parent=15667"}],"wp:term":[{"taxonomy":"product_brand","embeddable":true,"href":"https:\/\/innocentiemangonipiante.it\/de\/wp-json\/wp\/v2\/product_brand?post=15667"},{"taxonomy":"product_cat","embeddable":true,"href":"https:\/\/innocentiemangonipiante.it\/de\/wp-json\/wp\/v2\/product_cat?post=15667"},{"taxonomy":"product_tag","embeddable":true,"href":"https:\/\/innocentiemangonipiante.it\/de\/wp-json\/wp\/v2\/product_tag?post=15667"}],"curies":[{"name":"wp","href":"https:\/\/api.w.org\/{rel}","templated":true}]}}