{"id":15669,"date":"2023-11-04T03:26:57","date_gmt":"2023-11-04T02:26:57","guid":{"rendered":"http:\/\/innocentiemangonipiante.it\/wisteria-floribunda-macrobotrys\/"},"modified":"2023-11-08T14:01:14","modified_gmt":"2023-11-08T13:01:14","slug":"wisteria-floribunda-macrobotrys","status":"publish","type":"product","link":"https:\/\/innocentiemangonipiante.it\/de\/wisteria-floribunda-macrobotrys\/","title":{"rendered":"WISTERIA floribunda &#8218;Macrobotrys&#8216;"},"content":{"rendered":"<p>Wundersch\u00f6ne Sorte wegen der beeindruckenden Sch\u00f6nheit der Trauben. Hellviolette Bl\u00fcten mit einem purpurfarbenen Fleck im Inneren. Die nicht sehr duftenden Bl\u00fcten \u00f6ffnen sich allm\u00e4hlich von oben nach unten auf 60-120 cm langen Trauben. Mittel-fr\u00fchzeitige Bl\u00fcte. Bl\u00fcht ab dem 2\u00b0- 3\u00b0 Jahr.<\/p>\n","protected":false},"excerpt":{"rendered":"<p>Wundersch\u00f6ne Sorte wegen der beeindruckenden Sch\u00f6nheit der Trauben. Hellviolette Bl\u00fcten mit einem purpurfarbenen Fleck im Inneren. Die nicht sehr duftenden Bl\u00fcten \u00f6ffnen sich allm\u00e4hlich von oben nach unten auf 60-120 cm langen Trauben. Mittel-fr\u00fchzeitige Bl\u00fcte. Bl\u00fcht ab dem 2\u00b0- 3\u00b0 Jahr.<\/p>\n","protected":false},"featured_media":6058,"template":"","meta":{"_acf_changed":false},"product_brand":[],"product_cat":[8837],"product_tag":[10898,8453,8736,13891,8565,8401,8433,8751],"class_list":{"0":"post-15669","1":"product","2":"type-product","3":"status-publish","4":"has-post-thumbnail","6":"product_cat-schlingpflanzen","7":"product_tag-naturlichen","8":"product_tag-bogen","9":"product_tag-fusstamm","10":"product_tag-h-st-schirm","11":"product_tag-halbstamm","12":"product_tag-hochstamm","13":"product_tag-hochstamm-dach","14":"product_tag-spalier","15":"pa_altezza-massima-800-de","16":"pa_altezza-massima-1000-de-2","17":"pa_colore-fioritura-violett","18":"pa_condizionamento-clt-de","19":"pa_condizionamento-deco-holztopf","20":"pa_condizionamento-viereckigertops","21":"pa_famiglia-leguminosae-de","22":"pa_genere-wisteria-de","23":"pa_origine-japan-de","24":"pa_periodo-fioritura-april-de","25":"pa_profumo-zart","26":"pa_resistenza-climatica-mittel-hoch","27":"pa_resistenza-del-suolo-bestandig-gegen-kalkhaltige-boden","28":"pa_utilizzo-parks-de","30":"first","31":"instock","32":"purchasable","33":"product-type-simple"},"acf":[],"_links":{"self":[{"href":"https:\/\/innocentiemangonipiante.it\/de\/wp-json\/wp\/v2\/product\/15669","targetHints":{"allow":["GET"]}}],"collection":[{"href":"https:\/\/innocentiemangonipiante.it\/de\/wp-json\/wp\/v2\/product"}],"about":[{"href":"https:\/\/innocentiemangonipiante.it\/de\/wp-json\/wp\/v2\/types\/product"}],"wp:featuredmedia":[{"embeddable":true,"href":"https:\/\/innocentiemangonipiante.it\/de\/wp-json\/wp\/v2\/media\/6058"}],"wp:attachment":[{"href":"https:\/\/innocentiemangonipiante.it\/de\/wp-json\/wp\/v2\/media?parent=15669"}],"wp:term":[{"taxonomy":"product_brand","embeddable":true,"href":"https:\/\/innocentiemangonipiante.it\/de\/wp-json\/wp\/v2\/product_brand?post=15669"},{"taxonomy":"product_cat","embeddable":true,"href":"https:\/\/innocentiemangonipiante.it\/de\/wp-json\/wp\/v2\/product_cat?post=15669"},{"taxonomy":"product_tag","embeddable":true,"href":"https:\/\/innocentiemangonipiante.it\/de\/wp-json\/wp\/v2\/product_tag?post=15669"}],"curies":[{"name":"wp","href":"https:\/\/api.w.org\/{rel}","templated":true}]}}