{"id":15670,"date":"2023-11-04T03:26:51","date_gmt":"2023-11-04T02:26:51","guid":{"rendered":"http:\/\/innocentiemangonipiante.it\/wisteria-floribunda-longissima-alba\/"},"modified":"2023-11-08T14:01:11","modified_gmt":"2023-11-08T13:01:11","slug":"wisteria-floribunda-longissima-alba","status":"publish","type":"product","link":"https:\/\/innocentiemangonipiante.it\/de\/wisteria-floribunda-longissima-alba\/","title":{"rendered":"WISTERIA floribunda &#8218;Longissima Alba&#8216;"},"content":{"rendered":"<p>Rein wei\u00dfe, stark duftende Bl\u00fcte in 40-60 cm langen Trauben. Sp\u00e4te Bl\u00fcte.<\/p>\n","protected":false},"excerpt":{"rendered":"<p>Rein wei\u00dfe, stark duftende Bl\u00fcte in 40-60 cm langen Trauben. Sp\u00e4te Bl\u00fcte.<\/p>\n","protected":false},"featured_media":6052,"template":"","meta":{"_acf_changed":false},"product_brand":[],"product_cat":[8837],"product_tag":[10898],"class_list":{"0":"post-15670","1":"product","2":"type-product","3":"status-publish","4":"has-post-thumbnail","6":"product_cat-schlingpflanzen","7":"product_tag-naturlichen","8":"pa_altezza-massima-800-de","9":"pa_altezza-massima-1000-de-2","10":"pa_colore-fioritura-weis","11":"pa_famiglia-leguminosae-de","12":"pa_genere-wisteria-de","13":"pa_origine-japan-de","14":"pa_periodo-fioritura-mai-de","15":"pa_profumo-intensiv","16":"pa_resistenza-climatica-mittel-hoch","17":"pa_resistenza-del-suolo-bestandig-gegen-kalkhaltige-boden","18":"pa_utilizzo-parks-de","20":"first","21":"instock","22":"purchasable","23":"product-type-simple"},"acf":[],"_links":{"self":[{"href":"https:\/\/innocentiemangonipiante.it\/de\/wp-json\/wp\/v2\/product\/15670","targetHints":{"allow":["GET"]}}],"collection":[{"href":"https:\/\/innocentiemangonipiante.it\/de\/wp-json\/wp\/v2\/product"}],"about":[{"href":"https:\/\/innocentiemangonipiante.it\/de\/wp-json\/wp\/v2\/types\/product"}],"wp:featuredmedia":[{"embeddable":true,"href":"https:\/\/innocentiemangonipiante.it\/de\/wp-json\/wp\/v2\/media\/6052"}],"wp:attachment":[{"href":"https:\/\/innocentiemangonipiante.it\/de\/wp-json\/wp\/v2\/media?parent=15670"}],"wp:term":[{"taxonomy":"product_brand","embeddable":true,"href":"https:\/\/innocentiemangonipiante.it\/de\/wp-json\/wp\/v2\/product_brand?post=15670"},{"taxonomy":"product_cat","embeddable":true,"href":"https:\/\/innocentiemangonipiante.it\/de\/wp-json\/wp\/v2\/product_cat?post=15670"},{"taxonomy":"product_tag","embeddable":true,"href":"https:\/\/innocentiemangonipiante.it\/de\/wp-json\/wp\/v2\/product_tag?post=15670"}],"curies":[{"name":"wp","href":"https:\/\/api.w.org\/{rel}","templated":true}]}}