{"id":15671,"date":"2023-11-04T03:26:39","date_gmt":"2023-11-04T02:26:39","guid":{"rendered":"http:\/\/innocentiemangonipiante.it\/wisteria-floribunda-eranthema\/"},"modified":"2023-11-08T14:00:52","modified_gmt":"2023-11-08T13:00:52","slug":"wisteria-floribunda-eranthema","status":"publish","type":"product","link":"https:\/\/innocentiemangonipiante.it\/de\/wisteria-floribunda-eranthema\/","title":{"rendered":"WISTERIA floribunda &#8218;Eranthema&#8216;"},"content":{"rendered":"<p>Schnelles Wachstum. Hellblaue Bl\u00fcten \u00e4hnliche zu wisteria Jissai aber sp\u00e4tere Bl\u00fcte.<\/p>\n","protected":false},"excerpt":{"rendered":"<p>Schnelles Wachstum. Hellblaue Bl\u00fcten \u00e4hnliche zu wisteria Jissai aber sp\u00e4tere Bl\u00fcte.<\/p>\n","protected":false},"featured_media":63550,"template":"","meta":{"_acf_changed":false},"product_brand":[],"product_cat":[8837],"product_tag":[10898,8453,8736,13891,8565,8401,8751],"class_list":{"0":"post-15671","1":"product","2":"type-product","3":"status-publish","4":"has-post-thumbnail","6":"product_cat-schlingpflanzen","7":"product_tag-naturlichen","8":"product_tag-bogen","9":"product_tag-fusstamm","10":"product_tag-h-st-schirm","11":"product_tag-halbstamm","12":"product_tag-hochstamm","13":"product_tag-spalier","14":"pa_altezza-massima-800-de","15":"pa_altezza-massima-1000-de-2","16":"pa_colore-fioritura-blau","17":"pa_condizionamento-clt-de","18":"pa_condizionamento-viereckigertops","19":"pa_famiglia-leguminosae-de","20":"pa_genere-wisteria-de","21":"pa_origine-ostasien","22":"pa_periodo-fioritura-mai-de","23":"pa_profumo-intensiv","24":"pa_resistenza-climatica-mittel-hoch","25":"pa_resistenza-del-suolo-bestandig-gegen-kalkhaltige-boden","26":"pa_utilizzo-parks-de","28":"first","29":"instock","30":"purchasable","31":"product-type-simple"},"acf":[],"_links":{"self":[{"href":"https:\/\/innocentiemangonipiante.it\/de\/wp-json\/wp\/v2\/product\/15671","targetHints":{"allow":["GET"]}}],"collection":[{"href":"https:\/\/innocentiemangonipiante.it\/de\/wp-json\/wp\/v2\/product"}],"about":[{"href":"https:\/\/innocentiemangonipiante.it\/de\/wp-json\/wp\/v2\/types\/product"}],"wp:featuredmedia":[{"embeddable":true,"href":"https:\/\/innocentiemangonipiante.it\/de\/wp-json\/wp\/v2\/media\/63550"}],"wp:attachment":[{"href":"https:\/\/innocentiemangonipiante.it\/de\/wp-json\/wp\/v2\/media?parent=15671"}],"wp:term":[{"taxonomy":"product_brand","embeddable":true,"href":"https:\/\/innocentiemangonipiante.it\/de\/wp-json\/wp\/v2\/product_brand?post=15671"},{"taxonomy":"product_cat","embeddable":true,"href":"https:\/\/innocentiemangonipiante.it\/de\/wp-json\/wp\/v2\/product_cat?post=15671"},{"taxonomy":"product_tag","embeddable":true,"href":"https:\/\/innocentiemangonipiante.it\/de\/wp-json\/wp\/v2\/product_tag?post=15671"}],"curies":[{"name":"wp","href":"https:\/\/api.w.org\/{rel}","templated":true}]}}