{"id":15674,"date":"2023-11-04T03:26:09","date_gmt":"2023-11-04T02:26:09","guid":{"rendered":"http:\/\/innocentiemangonipiante.it\/wisteria-brachybotrys-showa-beni\/"},"modified":"2023-11-08T14:00:25","modified_gmt":"2023-11-08T13:00:25","slug":"wisteria-brachybotrys-showa-beni","status":"publish","type":"product","link":"https:\/\/innocentiemangonipiante.it\/de\/wisteria-brachybotrys-showa-beni\/","title":{"rendered":"WISTERIA brachybotrys &#8218;Showa Beni&#8216;"},"content":{"rendered":"<p>Sehr gro\u00dfe pastell rosafarbene Bl\u00fcten. Duftende bis 20 cm langen, plumpen Trauben. Bl\u00fcht ab den 2\u00b0 Jahr.<\/p>\n","protected":false},"excerpt":{"rendered":"<p>Sehr gro\u00dfe pastell rosafarbene Bl\u00fcten. Duftende bis 20 cm langen, plumpen Trauben. Bl\u00fcht ab den 2\u00b0 Jahr.<\/p>\n","protected":false},"featured_media":6043,"template":"","meta":{"_acf_changed":false},"product_brand":[],"product_cat":[8837],"product_tag":[10898,8453,8736,13891,8565,8401,8433,8751],"class_list":{"0":"post-15674","1":"product","2":"type-product","3":"status-publish","4":"has-post-thumbnail","6":"product_cat-schlingpflanzen","7":"product_tag-naturlichen","8":"product_tag-bogen","9":"product_tag-fusstamm","10":"product_tag-h-st-schirm","11":"product_tag-halbstamm","12":"product_tag-hochstamm","13":"product_tag-hochstamm-dach","14":"product_tag-spalier","15":"pa_altezza-massima-600-de","16":"pa_altezza-massima-900-de","17":"pa_colore-fioritura-rose-de","18":"pa_condizionamento-clt-de","19":"pa_condizionamento-deco-holztopf","20":"pa_condizionamento-viereckigertops","21":"pa_famiglia-leguminosae-de","22":"pa_genere-wisteria-de","23":"pa_origine-japan-de","24":"pa_periodo-fioritura-april-de","25":"pa_profumo-intensiv","26":"pa_resistenza-climatica-mittel-hoch","27":"pa_utilizzo-kleine-gaerten","28":"pa_utilizzo-parks-de","30":"first","31":"instock","32":"purchasable","33":"product-type-simple"},"acf":[],"_links":{"self":[{"href":"https:\/\/innocentiemangonipiante.it\/de\/wp-json\/wp\/v2\/product\/15674","targetHints":{"allow":["GET"]}}],"collection":[{"href":"https:\/\/innocentiemangonipiante.it\/de\/wp-json\/wp\/v2\/product"}],"about":[{"href":"https:\/\/innocentiemangonipiante.it\/de\/wp-json\/wp\/v2\/types\/product"}],"wp:featuredmedia":[{"embeddable":true,"href":"https:\/\/innocentiemangonipiante.it\/de\/wp-json\/wp\/v2\/media\/6043"}],"wp:attachment":[{"href":"https:\/\/innocentiemangonipiante.it\/de\/wp-json\/wp\/v2\/media?parent=15674"}],"wp:term":[{"taxonomy":"product_brand","embeddable":true,"href":"https:\/\/innocentiemangonipiante.it\/de\/wp-json\/wp\/v2\/product_brand?post=15674"},{"taxonomy":"product_cat","embeddable":true,"href":"https:\/\/innocentiemangonipiante.it\/de\/wp-json\/wp\/v2\/product_cat?post=15674"},{"taxonomy":"product_tag","embeddable":true,"href":"https:\/\/innocentiemangonipiante.it\/de\/wp-json\/wp\/v2\/product_tag?post=15674"}],"curies":[{"name":"wp","href":"https:\/\/api.w.org\/{rel}","templated":true}]}}