{"id":15677,"date":"2023-11-04T03:29:34","date_gmt":"2023-11-04T02:29:34","guid":{"rendered":"http:\/\/innocentiemangonipiante.it\/yucca-rostrata\/"},"modified":"2023-11-08T14:02:38","modified_gmt":"2023-11-08T13:02:38","slug":"yucca-rostrata","status":"publish","type":"product","link":"https:\/\/innocentiemangonipiante.it\/de\/yucca-rostrata\/","title":{"rendered":"YUCCA rostrata"},"content":{"rendered":"<p>Seltene und sehr sch\u00f6ne Yucca-Sorte. Der Stamm ist nackt, dichte Krone mit linearischen, steifen, stahlgrauen, bis 60 cm langen Bl\u00e4ttern. Im Sommer bl\u00fchen lange gl\u00f6ckchenartige weisse Blumenkolben.<\/p>\n","protected":false},"excerpt":{"rendered":"<p>Seltene und sehr sch\u00f6ne Yucca-Sorte. Der Stamm ist nackt, dichte Krone mit linearischen, steifen, stahlgrauen, bis 60 cm langen Bl\u00e4ttern. Im Sommer bl\u00fchen lange gl\u00f6ckchenartige weisse Blumenkolben.<\/p>\n","protected":false},"featured_media":6134,"template":"","meta":{"_acf_changed":false},"product_brand":[],"product_cat":[8832,9231],"product_tag":[10898],"class_list":{"0":"post-15677","1":"product","2":"type-product","3":"status-publish","4":"has-post-thumbnail","6":"product_cat-palmartig-und-saftig","7":"product_cat-baume-und-pflanzen-der-zukunft","8":"product_tag-naturlichen","9":"pa_altezza-massima-200-de","10":"pa_altezza-massima-300-de","11":"pa_colore-delle-foglie-grauen","12":"pa_colore-fioritura-weis","13":"pa_famiglia-agavaceae-de","14":"pa_genere-yucca-de","15":"pa_inquinamento-bestaendigkeit-gegen-smog","16":"pa_origine-mexiko","17":"pa_periodo-fioritura-august-de","18":"pa_periodo-fioritura-juli","19":"pa_periodo-fioritura-juni","20":"pa_portamento-eretto-de","21":"pa_resistenza-climatica-mittel-hoch","22":"pa_resistenza-del-suolo-bestandig-gegen-kalkhaltige-boden","23":"pa_resistenza-del-suolo-bestandig-gegen-trockene-boden","24":"pa_utilizzo-kleine-gaerten","25":"pa_utilizzo-parks-de","27":"first","28":"instock","29":"purchasable","30":"product-type-simple"},"acf":[],"_links":{"self":[{"href":"https:\/\/innocentiemangonipiante.it\/de\/wp-json\/wp\/v2\/product\/15677","targetHints":{"allow":["GET"]}}],"collection":[{"href":"https:\/\/innocentiemangonipiante.it\/de\/wp-json\/wp\/v2\/product"}],"about":[{"href":"https:\/\/innocentiemangonipiante.it\/de\/wp-json\/wp\/v2\/types\/product"}],"wp:featuredmedia":[{"embeddable":true,"href":"https:\/\/innocentiemangonipiante.it\/de\/wp-json\/wp\/v2\/media\/6134"}],"wp:attachment":[{"href":"https:\/\/innocentiemangonipiante.it\/de\/wp-json\/wp\/v2\/media?parent=15677"}],"wp:term":[{"taxonomy":"product_brand","embeddable":true,"href":"https:\/\/innocentiemangonipiante.it\/de\/wp-json\/wp\/v2\/product_brand?post=15677"},{"taxonomy":"product_cat","embeddable":true,"href":"https:\/\/innocentiemangonipiante.it\/de\/wp-json\/wp\/v2\/product_cat?post=15677"},{"taxonomy":"product_tag","embeddable":true,"href":"https:\/\/innocentiemangonipiante.it\/de\/wp-json\/wp\/v2\/product_tag?post=15677"}],"curies":[{"name":"wp","href":"https:\/\/api.w.org\/{rel}","templated":true}]}}