{"id":15678,"date":"2023-11-04T03:29:18","date_gmt":"2023-11-04T02:29:18","guid":{"rendered":"http:\/\/innocentiemangonipiante.it\/yucca-gloriosa-variegata\/"},"modified":"2023-11-08T14:02:29","modified_gmt":"2023-11-08T13:02:29","slug":"yucca-gloriosa-variegata","status":"publish","type":"product","link":"https:\/\/innocentiemangonipiante.it\/de\/yucca-gloriosa-variegata\/","title":{"rendered":"YUCCA gloriosa &#8218;Variegata&#8216;"},"content":{"rendered":"<p>Die Bl\u00e4tter sind mittelgr\u00fcn mit gelben R\u00e4ndern, lanzettlich und mit festen und gekr\u00fcmmten Spitzen.<\/p>\n","protected":false},"excerpt":{"rendered":"<p>Die Bl\u00e4tter sind mittelgr\u00fcn mit gelben R\u00e4ndern, lanzettlich und mit festen und gekr\u00fcmmten Spitzen.<\/p>\n","protected":false},"featured_media":6128,"template":"","meta":{"_acf_changed":false},"product_brand":[],"product_cat":[8832,9231],"product_tag":[10898],"class_list":{"0":"post-15678","1":"product","2":"type-product","3":"status-publish","4":"has-post-thumbnail","6":"product_cat-palmartig-und-saftig","7":"product_cat-baume-und-pflanzen-der-zukunft","8":"product_tag-naturlichen","9":"pa_altezza-massima-150-de","10":"pa_altezza-massima-200-de","11":"pa_colore-delle-foglie-vielfaeltigen","12":"pa_colore-fioritura-weis","13":"pa_condizionamento-clt-de","14":"pa_condizionamento-jungplanzen","15":"pa_famiglia-agavaceae-de","16":"pa_genere-yucca-de","17":"pa_origine-u-s-a","18":"pa_periodo-fioritura-august-de","19":"pa_periodo-fioritura-september-de","20":"pa_portamento-eretto-de","21":"pa_resistenza-climatica-mittel","22":"pa_resistenza-del-suolo-bestandig-gegen-kalkhaltige-boden","23":"pa_resistenza-del-suolo-bestandig-gegen-trockene-boden","24":"pa_salinita-bestaendigkeit-in-meeresluft","25":"pa_utilizzo-balkone","26":"pa_utilizzo-kleine-gaerten","28":"first","29":"instock","30":"purchasable","31":"product-type-simple"},"acf":[],"_links":{"self":[{"href":"https:\/\/innocentiemangonipiante.it\/de\/wp-json\/wp\/v2\/product\/15678","targetHints":{"allow":["GET"]}}],"collection":[{"href":"https:\/\/innocentiemangonipiante.it\/de\/wp-json\/wp\/v2\/product"}],"about":[{"href":"https:\/\/innocentiemangonipiante.it\/de\/wp-json\/wp\/v2\/types\/product"}],"wp:featuredmedia":[{"embeddable":true,"href":"https:\/\/innocentiemangonipiante.it\/de\/wp-json\/wp\/v2\/media\/6128"}],"wp:attachment":[{"href":"https:\/\/innocentiemangonipiante.it\/de\/wp-json\/wp\/v2\/media?parent=15678"}],"wp:term":[{"taxonomy":"product_brand","embeddable":true,"href":"https:\/\/innocentiemangonipiante.it\/de\/wp-json\/wp\/v2\/product_brand?post=15678"},{"taxonomy":"product_cat","embeddable":true,"href":"https:\/\/innocentiemangonipiante.it\/de\/wp-json\/wp\/v2\/product_cat?post=15678"},{"taxonomy":"product_tag","embeddable":true,"href":"https:\/\/innocentiemangonipiante.it\/de\/wp-json\/wp\/v2\/product_tag?post=15678"}],"curies":[{"name":"wp","href":"https:\/\/api.w.org\/{rel}","templated":true}]}}