{"id":15680,"date":"2023-11-04T03:28:57","date_gmt":"2023-11-04T02:28:57","guid":{"rendered":"http:\/\/innocentiemangonipiante.it\/yucca-flaccida-golden-sword\/"},"modified":"2023-11-08T14:02:16","modified_gmt":"2023-11-08T13:02:16","slug":"yucca-flaccida-golden-sword","status":"publish","type":"product","link":"https:\/\/innocentiemangonipiante.it\/de\/yucca-flaccida-golden-sword\/","title":{"rendered":"YUCCA flaccida &#8218;Golden Sword&#8216;"},"content":{"rendered":"<p>Lanzettf\u00f6rmige, nicht sehr steife, bis 50 cm lange Bl\u00e4tter, dunkelgr\u00fcn mit gelben R\u00e4ndern.<\/p>\n","protected":false},"excerpt":{"rendered":"<p>Lanzettf\u00f6rmige, nicht sehr steife, bis 50 cm lange Bl\u00e4tter, dunkelgr\u00fcn mit gelben R\u00e4ndern.<\/p>\n","protected":false},"featured_media":6116,"template":"","meta":{"_acf_changed":false},"product_brand":[],"product_cat":[8832,9231],"product_tag":[10898],"class_list":{"0":"post-15680","1":"product","2":"type-product","3":"status-publish","4":"has-post-thumbnail","6":"product_cat-palmartig-und-saftig","7":"product_cat-baume-und-pflanzen-der-zukunft","8":"product_tag-naturlichen","9":"pa_altezza-massima-0_50-meter","10":"pa_altezza-massima-100-de","11":"pa_colore-delle-foglie-vielfaeltigen","12":"pa_colore-fioritura-weis","13":"pa_condizionamento-clt-de","14":"pa_condizionamento-jungplanzen","15":"pa_famiglia-agavaceae-de","16":"pa_genere-yucca-de","17":"pa_origine-neuseeland-de","18":"pa_periodo-fioritura-august-de","19":"pa_periodo-fioritura-juli","20":"pa_periodo-fioritura-september-de","21":"pa_portamento-eretto-de","22":"pa_resistenza-climatica-mittel","23":"pa_resistenza-del-suolo-bestandig-gegen-kalkhaltige-boden","24":"pa_resistenza-del-suolo-bestandig-gegen-trockene-boden","25":"pa_salinita-bestaendigkeit-in-meeresluft","26":"pa_utilizzo-balkone","27":"pa_utilizzo-kleine-gaerten","29":"first","30":"instock","31":"purchasable","32":"product-type-simple"},"acf":[],"_links":{"self":[{"href":"https:\/\/innocentiemangonipiante.it\/de\/wp-json\/wp\/v2\/product\/15680","targetHints":{"allow":["GET"]}}],"collection":[{"href":"https:\/\/innocentiemangonipiante.it\/de\/wp-json\/wp\/v2\/product"}],"about":[{"href":"https:\/\/innocentiemangonipiante.it\/de\/wp-json\/wp\/v2\/types\/product"}],"wp:featuredmedia":[{"embeddable":true,"href":"https:\/\/innocentiemangonipiante.it\/de\/wp-json\/wp\/v2\/media\/6116"}],"wp:attachment":[{"href":"https:\/\/innocentiemangonipiante.it\/de\/wp-json\/wp\/v2\/media?parent=15680"}],"wp:term":[{"taxonomy":"product_brand","embeddable":true,"href":"https:\/\/innocentiemangonipiante.it\/de\/wp-json\/wp\/v2\/product_brand?post=15680"},{"taxonomy":"product_cat","embeddable":true,"href":"https:\/\/innocentiemangonipiante.it\/de\/wp-json\/wp\/v2\/product_cat?post=15680"},{"taxonomy":"product_tag","embeddable":true,"href":"https:\/\/innocentiemangonipiante.it\/de\/wp-json\/wp\/v2\/product_tag?post=15680"}],"curies":[{"name":"wp","href":"https:\/\/api.w.org\/{rel}","templated":true}]}}