{"id":15681,"date":"2023-11-04T03:28:50","date_gmt":"2023-11-04T02:28:50","guid":{"rendered":"http:\/\/innocentiemangonipiante.it\/yucca-filamentosa-garland-gold\/"},"modified":"2023-11-08T14:02:12","modified_gmt":"2023-11-08T13:02:12","slug":"yucca-filamentosa-garland-gold","status":"publish","type":"product","link":"https:\/\/innocentiemangonipiante.it\/de\/yucca-filamentosa-garland-gold\/","title":{"rendered":"YUCCA filamentosa &#8218;Garland Gold&#8216;"},"content":{"rendered":"<p>Schmale, weiche, gr\u00fcnger\u00e4nderte gelbe Bl\u00e4tter.<\/p>\n","protected":false},"excerpt":{"rendered":"<p>Schmale, weiche, gr\u00fcnger\u00e4nderte gelbe Bl\u00e4tter.<\/p>\n","protected":false},"featured_media":63666,"template":"","meta":{"_acf_changed":false},"product_brand":[],"product_cat":[8832,9231],"product_tag":[10898],"class_list":{"0":"post-15681","1":"product","2":"type-product","3":"status-publish","4":"has-post-thumbnail","6":"product_cat-palmartig-und-saftig","7":"product_cat-baume-und-pflanzen-der-zukunft","8":"product_tag-naturlichen","9":"pa_altezza-massima-150-de","10":"pa_altezza-massima-200-de","11":"pa_colore-delle-foglie-vielfaeltigen","12":"pa_colore-fioritura-gelbe","13":"pa_condizionamento-clt-de","14":"pa_famiglia-agavaceae-de","15":"pa_genere-yucca-de","16":"pa_origine-neuseeland-de","17":"pa_periodo-fioritura-august-de","18":"pa_periodo-fioritura-juli","19":"pa_periodo-fioritura-september-de","20":"pa_portamento-eretto-de","21":"pa_resistenza-climatica-mittel","22":"pa_resistenza-del-suolo-bestandig-gegen-kalkhaltige-boden","23":"pa_resistenza-del-suolo-bestandig-gegen-trockene-boden","24":"pa_salinita-bestaendigkeit-in-meeresluft","25":"pa_utilizzo-balkone","26":"pa_utilizzo-kleine-gaerten","28":"first","29":"instock","30":"purchasable","31":"product-type-simple"},"acf":[],"_links":{"self":[{"href":"https:\/\/innocentiemangonipiante.it\/de\/wp-json\/wp\/v2\/product\/15681","targetHints":{"allow":["GET"]}}],"collection":[{"href":"https:\/\/innocentiemangonipiante.it\/de\/wp-json\/wp\/v2\/product"}],"about":[{"href":"https:\/\/innocentiemangonipiante.it\/de\/wp-json\/wp\/v2\/types\/product"}],"wp:featuredmedia":[{"embeddable":true,"href":"https:\/\/innocentiemangonipiante.it\/de\/wp-json\/wp\/v2\/media\/63666"}],"wp:attachment":[{"href":"https:\/\/innocentiemangonipiante.it\/de\/wp-json\/wp\/v2\/media?parent=15681"}],"wp:term":[{"taxonomy":"product_brand","embeddable":true,"href":"https:\/\/innocentiemangonipiante.it\/de\/wp-json\/wp\/v2\/product_brand?post=15681"},{"taxonomy":"product_cat","embeddable":true,"href":"https:\/\/innocentiemangonipiante.it\/de\/wp-json\/wp\/v2\/product_cat?post=15681"},{"taxonomy":"product_tag","embeddable":true,"href":"https:\/\/innocentiemangonipiante.it\/de\/wp-json\/wp\/v2\/product_tag?post=15681"}],"curies":[{"name":"wp","href":"https:\/\/api.w.org\/{rel}","templated":true}]}}