{"id":15684,"date":"2023-11-04T03:28:29","date_gmt":"2023-11-04T02:28:29","guid":{"rendered":"http:\/\/innocentiemangonipiante.it\/yucca-filamentosa\/"},"modified":"2023-11-08T14:02:03","modified_gmt":"2023-11-08T13:02:03","slug":"yucca-filamentosa","status":"publish","type":"product","link":"https:\/\/innocentiemangonipiante.it\/de\/yucca-filamentosa\/","title":{"rendered":"YUCCA filamentosa"},"content":{"rendered":"<p>Aufrechter Strauch mit basalen, dunkelgr\u00fcnen, lanzettlichen und steifen Blattrosetten mit wei\u00dfen, gekr\u00e4uselten F\u00e4den auf den Blattr\u00e4ndern. Von Mitte bis Ende Sommer sprie\u00dfen auf aufrechten Rispen wei\u00dfe Glockenbl\u00fcten mit gr\u00fcnen oder cremefarbigen T\u00f6nungen.<\/p>\n","protected":false},"excerpt":{"rendered":"<p>Aufrechter Strauch mit basalen, dunkelgr\u00fcnen, lanzettlichen und steifen Blattrosetten mit wei\u00dfen, gekr\u00e4uselten F\u00e4den auf den Blattr\u00e4ndern. Von Mitte bis Ende Sommer sprie\u00dfen auf aufrechten Rispen wei\u00dfe Glockenbl\u00fcten mit gr\u00fcnen oder cremefarbigen T\u00f6nungen.<\/p>\n","protected":false},"featured_media":6097,"template":"","meta":{"_acf_changed":false},"product_brand":[],"product_cat":[8832,9231],"product_tag":[10898],"class_list":{"0":"post-15684","1":"product","2":"type-product","3":"status-publish","4":"has-post-thumbnail","6":"product_cat-palmartig-und-saftig","7":"product_cat-baume-und-pflanzen-der-zukunft","8":"product_tag-naturlichen","9":"pa_altezza-massima-0_80-meter","10":"pa_altezza-massima-130-de","11":"pa_colore-fioritura-weis","12":"pa_condizionamento-clt-de","13":"pa_condizionamento-jungplanzen","14":"pa_famiglia-agavaceae-de","15":"pa_genere-yucca-de","16":"pa_origine-u-s-a","17":"pa_periodo-fioritura-august-de","18":"pa_periodo-fioritura-juli","19":"pa_portamento-eretto-de","20":"pa_resistenza-climatica-mittel","21":"pa_resistenza-del-suolo-bestandig-gegen-kalkhaltige-boden","22":"pa_resistenza-del-suolo-bestandig-gegen-trockene-boden","23":"pa_salinita-bestaendigkeit-in-meeresluft","24":"pa_utilizzo-balkone","25":"pa_utilizzo-kleine-gaerten","27":"first","28":"instock","29":"purchasable","30":"product-type-simple"},"acf":[],"_links":{"self":[{"href":"https:\/\/innocentiemangonipiante.it\/de\/wp-json\/wp\/v2\/product\/15684","targetHints":{"allow":["GET"]}}],"collection":[{"href":"https:\/\/innocentiemangonipiante.it\/de\/wp-json\/wp\/v2\/product"}],"about":[{"href":"https:\/\/innocentiemangonipiante.it\/de\/wp-json\/wp\/v2\/types\/product"}],"wp:featuredmedia":[{"embeddable":true,"href":"https:\/\/innocentiemangonipiante.it\/de\/wp-json\/wp\/v2\/media\/6097"}],"wp:attachment":[{"href":"https:\/\/innocentiemangonipiante.it\/de\/wp-json\/wp\/v2\/media?parent=15684"}],"wp:term":[{"taxonomy":"product_brand","embeddable":true,"href":"https:\/\/innocentiemangonipiante.it\/de\/wp-json\/wp\/v2\/product_brand?post=15684"},{"taxonomy":"product_cat","embeddable":true,"href":"https:\/\/innocentiemangonipiante.it\/de\/wp-json\/wp\/v2\/product_cat?post=15684"},{"taxonomy":"product_tag","embeddable":true,"href":"https:\/\/innocentiemangonipiante.it\/de\/wp-json\/wp\/v2\/product_tag?post=15684"}],"curies":[{"name":"wp","href":"https:\/\/api.w.org\/{rel}","templated":true}]}}