{"id":15685,"date":"2023-11-04T03:28:15","date_gmt":"2023-11-04T02:28:15","guid":{"rendered":"http:\/\/innocentiemangonipiante.it\/yucca-elephantipes\/"},"modified":"2023-11-08T14:01:58","modified_gmt":"2023-11-08T13:01:58","slug":"yucca-elephantipes","status":"publish","type":"product","link":"https:\/\/innocentiemangonipiante.it\/de\/yucca-elephantipes\/","title":{"rendered":"YUCCA elephantipes"},"content":{"rendered":"<p>Grosser, immergr\u00fcner, aufrechter Strauch mit wenig verzweigten St\u00e4mmen am Boden. Hell- bis mittelgr\u00fcnfarbige, englanzettliche, gez\u00e4hnte Bl\u00e4tter. Es produziert cremenweisse, dichte, Bl\u00fctenkolben w\u00e4hrend Sommer bis Herbst.<\/p>\n","protected":false},"excerpt":{"rendered":"<p>Grosser, immergr\u00fcner, aufrechter Strauch mit wenig verzweigten St\u00e4mmen am Boden. Hell- bis mittelgr\u00fcnfarbige, englanzettliche, gez\u00e4hnte Bl\u00e4tter. Es produziert cremenweisse, dichte, Bl\u00fctenkolben w\u00e4hrend Sommer bis Herbst.<\/p>\n","protected":false},"featured_media":6091,"template":"","meta":{"_acf_changed":false},"product_brand":[],"product_cat":[8832,9231],"product_tag":[10898],"class_list":{"0":"post-15685","1":"product","2":"type-product","3":"status-publish","4":"has-post-thumbnail","6":"product_cat-palmartig-und-saftig","7":"product_cat-baume-und-pflanzen-der-zukunft","8":"product_tag-naturlichen","9":"pa_altezza-massima-800-de","10":"pa_altezza-massima-1000-de-2","11":"pa_colore-fioritura-weis","12":"pa_condizionamento-clt-de","13":"pa_famiglia-agavaceae-de","14":"pa_genere-yucca-de","15":"pa_origine-mexiko","16":"pa_periodo-fioritura-august-de","17":"pa_periodo-fioritura-juli","18":"pa_periodo-fioritura-juni","19":"pa_periodo-fioritura-september-de","20":"pa_portamento-eretto-de","21":"pa_resistenza-climatica-sehr-niedrig","22":"pa_resistenza-del-suolo-bestandig-gegen-kalkhaltige-boden","23":"pa_resistenza-del-suolo-bestandig-gegen-trockene-boden","24":"pa_salinita-bestaendigkeit-in-meeresluft","25":"pa_utilizzo-kleine-gaerten","26":"pa_utilizzo-parks-de","28":"first","29":"instock","30":"purchasable","31":"product-type-simple"},"acf":[],"_links":{"self":[{"href":"https:\/\/innocentiemangonipiante.it\/de\/wp-json\/wp\/v2\/product\/15685","targetHints":{"allow":["GET"]}}],"collection":[{"href":"https:\/\/innocentiemangonipiante.it\/de\/wp-json\/wp\/v2\/product"}],"about":[{"href":"https:\/\/innocentiemangonipiante.it\/de\/wp-json\/wp\/v2\/types\/product"}],"wp:featuredmedia":[{"embeddable":true,"href":"https:\/\/innocentiemangonipiante.it\/de\/wp-json\/wp\/v2\/media\/6091"}],"wp:attachment":[{"href":"https:\/\/innocentiemangonipiante.it\/de\/wp-json\/wp\/v2\/media?parent=15685"}],"wp:term":[{"taxonomy":"product_brand","embeddable":true,"href":"https:\/\/innocentiemangonipiante.it\/de\/wp-json\/wp\/v2\/product_brand?post=15685"},{"taxonomy":"product_cat","embeddable":true,"href":"https:\/\/innocentiemangonipiante.it\/de\/wp-json\/wp\/v2\/product_cat?post=15685"},{"taxonomy":"product_tag","embeddable":true,"href":"https:\/\/innocentiemangonipiante.it\/de\/wp-json\/wp\/v2\/product_tag?post=15685"}],"curies":[{"name":"wp","href":"https:\/\/api.w.org\/{rel}","templated":true}]}}