{"id":15686,"date":"2023-11-04T03:30:01","date_gmt":"2023-11-04T02:30:01","guid":{"rendered":"http:\/\/innocentiemangonipiante.it\/zelkova-serrata-village-green\/"},"modified":"2023-11-08T14:03:02","modified_gmt":"2023-11-08T13:03:02","slug":"zelkova-serrata-village-green","status":"publish","type":"product","link":"https:\/\/innocentiemangonipiante.it\/de\/zelkova-serrata-village-green\/","title":{"rendered":"ZELKOVA serrata &#8218;Village Green&#8216; \u00ae"},"content":{"rendered":"<p>Grosser sommergr\u00fcner Baum. Schnelles Wachstum und ausgeweiter Habitus. In jungen Pflanzen ist die Rinde Kirschbaum\u00e4hnlich, in \u00e4lteren Pflanzen splittert diese ab. Dunkelgr\u00fcne Bl\u00e4tter, die im Herbst orangengelb-bis rotfarbig werden. Vertr\u00e4gt sehr gut den starken Wind und die Trockenheit.<\/p>\n","protected":false},"excerpt":{"rendered":"<p>Grosser sommergr\u00fcner Baum. Schnelles Wachstum und ausgeweiter Habitus. In jungen Pflanzen ist die Rinde Kirschbaum\u00e4hnlich, in \u00e4lteren Pflanzen splittert diese ab. Dunkelgr\u00fcne Bl\u00e4tter, die im Herbst orangengelb-bis rotfarbig werden. Vertr\u00e4gt sehr gut den starken Wind und die Trockenheit.<\/p>\n","protected":false},"featured_media":6152,"template":"","meta":{"_acf_changed":false},"product_brand":[],"product_cat":[8813],"product_tag":[10898,8401,8597],"class_list":{"0":"post-15686","1":"product","2":"type-product","3":"status-publish","4":"has-post-thumbnail","6":"product_cat-laubbaume-und-straucher","7":"product_tag-naturlichen","8":"product_tag-hochstamm","9":"product_tag-multistamm","10":"pa_altezza-massima-15-meter","11":"pa_altezza-massima-20-meter","12":"pa_condizionamento-clt-de","13":"pa_condizionamento-m-de","14":"pa_famiglia-ulmaceae-de","15":"pa_genere-zelkova-de","16":"pa_inquinamento-bestaendigkeit-gegen-smog","17":"pa_origine-u-s-a","18":"pa_portamento-eretto-de","19":"pa_resistenza-climatica-sehr-hoch","20":"pa_utilizzo-alleen","21":"pa_utilizzo-parks-de","23":"first","24":"instock","25":"purchasable","26":"product-type-simple"},"acf":[],"_links":{"self":[{"href":"https:\/\/innocentiemangonipiante.it\/de\/wp-json\/wp\/v2\/product\/15686","targetHints":{"allow":["GET"]}}],"collection":[{"href":"https:\/\/innocentiemangonipiante.it\/de\/wp-json\/wp\/v2\/product"}],"about":[{"href":"https:\/\/innocentiemangonipiante.it\/de\/wp-json\/wp\/v2\/types\/product"}],"wp:featuredmedia":[{"embeddable":true,"href":"https:\/\/innocentiemangonipiante.it\/de\/wp-json\/wp\/v2\/media\/6152"}],"wp:attachment":[{"href":"https:\/\/innocentiemangonipiante.it\/de\/wp-json\/wp\/v2\/media?parent=15686"}],"wp:term":[{"taxonomy":"product_brand","embeddable":true,"href":"https:\/\/innocentiemangonipiante.it\/de\/wp-json\/wp\/v2\/product_brand?post=15686"},{"taxonomy":"product_cat","embeddable":true,"href":"https:\/\/innocentiemangonipiante.it\/de\/wp-json\/wp\/v2\/product_cat?post=15686"},{"taxonomy":"product_tag","embeddable":true,"href":"https:\/\/innocentiemangonipiante.it\/de\/wp-json\/wp\/v2\/product_tag?post=15686"}],"curies":[{"name":"wp","href":"https:\/\/api.w.org\/{rel}","templated":true}]}}