{"id":15687,"date":"2023-11-04T03:29:55","date_gmt":"2023-11-04T02:29:55","guid":{"rendered":"http:\/\/innocentiemangonipiante.it\/zelkova-serrata-green-vase\/"},"modified":"2023-11-08T14:02:59","modified_gmt":"2023-11-08T13:02:59","slug":"zelkova-serrata-green-vase","status":"publish","type":"product","link":"https:\/\/innocentiemangonipiante.it\/de\/zelkova-serrata-green-vase\/","title":{"rendered":"ZELKOVA serrata &#8218;Green Vase&#8216; \u00ae"},"content":{"rendered":"<p>Langsames Wachstum. Der Wuchs ist eng-aufrecht. Eif\u00f6rmige, spitze, gez\u00e4hnte Bl\u00e4tter, die rot-orangenfarbig im Herbst werden. Dank seinem Habitus ist diese Sorte sehr geeignet f\u00fcr Stadt-anreihungen.<\/p>\n","protected":false},"excerpt":{"rendered":"<p>Langsames Wachstum. Der Wuchs ist eng-aufrecht. Eif\u00f6rmige, spitze, gez\u00e4hnte Bl\u00e4tter, die rot-orangenfarbig im Herbst werden. Dank seinem Habitus ist diese Sorte sehr geeignet f\u00fcr Stadt-anreihungen.<\/p>\n","protected":false},"featured_media":6146,"template":"","meta":{"_acf_changed":false},"product_brand":[],"product_cat":[8813,9231],"product_tag":[10898,8401,8597],"class_list":{"0":"post-15687","1":"product","2":"type-product","3":"status-publish","4":"has-post-thumbnail","6":"product_cat-laubbaume-und-straucher","7":"product_cat-baume-und-pflanzen-der-zukunft","8":"product_tag-naturlichen","9":"product_tag-hochstamm","10":"product_tag-multistamm","11":"pa_altezza-massima-15-meter","12":"pa_altezza-massima-20-meter","13":"pa_condizionamento-clt-de","14":"pa_condizionamento-m-de","15":"pa_famiglia-ulmaceae-de","16":"pa_genere-zelkova-de","17":"pa_inquinamento-bestaendigkeit-gegen-smog","18":"pa_origine-u-s-a","19":"pa_portamento-saulenformig","20":"pa_resistenza-climatica-sehr-hoch","21":"pa_utilizzo-alleen","22":"pa_utilizzo-parks-de","24":"first","25":"instock","26":"purchasable","27":"product-type-simple"},"acf":[],"_links":{"self":[{"href":"https:\/\/innocentiemangonipiante.it\/de\/wp-json\/wp\/v2\/product\/15687","targetHints":{"allow":["GET"]}}],"collection":[{"href":"https:\/\/innocentiemangonipiante.it\/de\/wp-json\/wp\/v2\/product"}],"about":[{"href":"https:\/\/innocentiemangonipiante.it\/de\/wp-json\/wp\/v2\/types\/product"}],"wp:featuredmedia":[{"embeddable":true,"href":"https:\/\/innocentiemangonipiante.it\/de\/wp-json\/wp\/v2\/media\/6146"}],"wp:attachment":[{"href":"https:\/\/innocentiemangonipiante.it\/de\/wp-json\/wp\/v2\/media?parent=15687"}],"wp:term":[{"taxonomy":"product_brand","embeddable":true,"href":"https:\/\/innocentiemangonipiante.it\/de\/wp-json\/wp\/v2\/product_brand?post=15687"},{"taxonomy":"product_cat","embeddable":true,"href":"https:\/\/innocentiemangonipiante.it\/de\/wp-json\/wp\/v2\/product_cat?post=15687"},{"taxonomy":"product_tag","embeddable":true,"href":"https:\/\/innocentiemangonipiante.it\/de\/wp-json\/wp\/v2\/product_tag?post=15687"}],"curies":[{"name":"wp","href":"https:\/\/api.w.org\/{rel}","templated":true}]}}