{"id":15688,"date":"2023-11-04T03:29:40","date_gmt":"2023-11-04T02:29:40","guid":{"rendered":"http:\/\/innocentiemangonipiante.it\/zelkova-serrata\/"},"modified":"2023-11-08T14:02:40","modified_gmt":"2023-11-08T13:02:40","slug":"zelkova-serrata","status":"publish","type":"product","link":"https:\/\/innocentiemangonipiante.it\/de\/zelkova-serrata\/","title":{"rendered":"ZELKOVA serrata"},"content":{"rendered":"<p>Sommergr\u00fcner Baum mit breitem Wachstum und grauer Rinde, die sidi im Alter spaetet. Die Bl\u00e4tter sind fein, eif\u00f6rming, schlank, gez\u00e4hnt ca. 12 cm lang und dunk\u00eblgr\u00fcnfarbig, herbstf\u00e4rbung gelb, orange oder rot. Gute Widerstandsf\u00e4higkeit gegen Umweltverschmutzung. Geeignet f\u00fcr den Stadtbereich. Sch\u00f6ne Ornament-Qualit\u00e4t. Im Fall von Pflanzung in Alleen, eine Kronen-Ausbreitung vorsehen.<\/p>\n","protected":false},"excerpt":{"rendered":"<p>Sommergr\u00fcner Baum mit breitem Wachstum und grauer Rinde, die sidi im Alter spaetet. Die Bl\u00e4tter sind fein, eif\u00f6rming, schlank, gez\u00e4hnt ca. 12 cm lang und dunk\u00eblgr\u00fcnfarbig, herbstf\u00e4rbung gelb, orange oder rot. Gute Widerstandsf\u00e4higkeit gegen Umweltverschmutzung. Geeignet f\u00fcr den Stadtbereich. Sch\u00f6ne Ornament-Qualit\u00e4t. Im Fall von Pflanzung in Alleen, eine Kronen-Ausbreitung vorsehen.<\/p>\n","protected":false},"featured_media":6140,"template":"","meta":{"_acf_changed":false},"product_brand":[],"product_cat":[8813],"product_tag":[10898,8401,8597],"class_list":{"0":"post-15688","1":"product","2":"type-product","3":"status-publish","4":"has-post-thumbnail","6":"product_cat-laubbaume-und-straucher","7":"product_tag-naturlichen","8":"product_tag-hochstamm","9":"product_tag-multistamm","10":"pa_altezza-massima-20-meter","11":"pa_altezza-massima-30-meter","12":"pa_condizionamento-clt-de","13":"pa_condizionamento-m-de","14":"pa_famiglia-ulmaceae-de","15":"pa_genere-zelkova-de","16":"pa_inquinamento-bestaendigkeit-gegen-smog","17":"pa_origine-ostasien","18":"pa_portamento-eretto-de","19":"pa_resistenza-climatica-sehr-hoch","20":"pa_utilizzo-parks-de","22":"first","23":"instock","24":"purchasable","25":"product-type-simple"},"acf":[],"_links":{"self":[{"href":"https:\/\/innocentiemangonipiante.it\/de\/wp-json\/wp\/v2\/product\/15688","targetHints":{"allow":["GET"]}}],"collection":[{"href":"https:\/\/innocentiemangonipiante.it\/de\/wp-json\/wp\/v2\/product"}],"about":[{"href":"https:\/\/innocentiemangonipiante.it\/de\/wp-json\/wp\/v2\/types\/product"}],"wp:featuredmedia":[{"embeddable":true,"href":"https:\/\/innocentiemangonipiante.it\/de\/wp-json\/wp\/v2\/media\/6140"}],"wp:attachment":[{"href":"https:\/\/innocentiemangonipiante.it\/de\/wp-json\/wp\/v2\/media?parent=15688"}],"wp:term":[{"taxonomy":"product_brand","embeddable":true,"href":"https:\/\/innocentiemangonipiante.it\/de\/wp-json\/wp\/v2\/product_brand?post=15688"},{"taxonomy":"product_cat","embeddable":true,"href":"https:\/\/innocentiemangonipiante.it\/de\/wp-json\/wp\/v2\/product_cat?post=15688"},{"taxonomy":"product_tag","embeddable":true,"href":"https:\/\/innocentiemangonipiante.it\/de\/wp-json\/wp\/v2\/product_tag?post=15688"}],"curies":[{"name":"wp","href":"https:\/\/api.w.org\/{rel}","templated":true}]}}