{"id":15690,"date":"2023-11-04T03:30:07","date_gmt":"2023-11-04T02:30:07","guid":{"rendered":"http:\/\/innocentiemangonipiante.it\/ziziphus-sativa\/"},"modified":"2023-11-08T14:03:05","modified_gmt":"2023-11-08T13:03:05","slug":"ziziphus-sativa","status":"publish","type":"product","link":"https:\/\/innocentiemangonipiante.it\/de\/ziziphus-sativa\/","title":{"rendered":"ZIZIPHUS sativa"},"content":{"rendered":"<p>Sommergr\u00fcner Baum mit unregelm\u00e4\u00dfigem, kegelf\u00f6rmigem Wachstum. Die Bl\u00e4tter sind eif\u00f6rmig, gl\u00e4nzend und dunkelgr\u00fcn. Im sommer tr\u00e4gt er e\u00dfbare Fr\u00fcchte, sehr s\u00fc\u00df, eif\u00f6rming und braunfarbig, oliven\u00e4hnlich.<\/p>\n","protected":false},"excerpt":{"rendered":"<p>Sommergr\u00fcner Baum mit unregelm\u00e4\u00dfigem, kegelf\u00f6rmigem Wachstum. Die Bl\u00e4tter sind eif\u00f6rmig, gl\u00e4nzend und dunkelgr\u00fcn. Im sommer tr\u00e4gt er e\u00dfbare Fr\u00fcchte, sehr s\u00fc\u00df, eif\u00f6rming und braunfarbig, oliven\u00e4hnlich.<\/p>\n","protected":false},"featured_media":6158,"template":"","meta":{"_acf_changed":false},"product_brand":[],"product_cat":[8813,9231],"product_tag":[10898],"class_list":{"0":"post-15690","1":"product","2":"type-product","3":"status-publish","4":"has-post-thumbnail","6":"product_cat-laubbaume-und-straucher","7":"product_cat-baume-und-pflanzen-der-zukunft","8":"product_tag-naturlichen","9":"pa_altezza-massima-500-de","10":"pa_altezza-massima-1000-de-2","11":"pa_colore-fioritura-weis","12":"pa_famiglia-rhamnaceae-de","13":"pa_genere-ziziphus-de","14":"pa_origine-ostasien","15":"pa_periodo-fioritura-juli","16":"pa_periodo-fruttificazione-oktober","17":"pa_periodo-fruttificazione-september-de","18":"pa_portamento-piramidale-de","19":"pa_resistenza-climatica-sehr-hoch","20":"pa_resistenza-del-suolo-bestandig-gegen-kalkhaltige-boden","21":"pa_resistenza-del-suolo-bestandig-gegen-trockene-boden","22":"pa_utilizzo-kleine-gaerten","23":"pa_utilizzo-parks-de","25":"first","26":"instock","27":"purchasable","28":"product-type-simple"},"acf":[],"_links":{"self":[{"href":"https:\/\/innocentiemangonipiante.it\/de\/wp-json\/wp\/v2\/product\/15690","targetHints":{"allow":["GET"]}}],"collection":[{"href":"https:\/\/innocentiemangonipiante.it\/de\/wp-json\/wp\/v2\/product"}],"about":[{"href":"https:\/\/innocentiemangonipiante.it\/de\/wp-json\/wp\/v2\/types\/product"}],"wp:featuredmedia":[{"embeddable":true,"href":"https:\/\/innocentiemangonipiante.it\/de\/wp-json\/wp\/v2\/media\/6158"}],"wp:attachment":[{"href":"https:\/\/innocentiemangonipiante.it\/de\/wp-json\/wp\/v2\/media?parent=15690"}],"wp:term":[{"taxonomy":"product_brand","embeddable":true,"href":"https:\/\/innocentiemangonipiante.it\/de\/wp-json\/wp\/v2\/product_brand?post=15690"},{"taxonomy":"product_cat","embeddable":true,"href":"https:\/\/innocentiemangonipiante.it\/de\/wp-json\/wp\/v2\/product_cat?post=15690"},{"taxonomy":"product_tag","embeddable":true,"href":"https:\/\/innocentiemangonipiante.it\/de\/wp-json\/wp\/v2\/product_tag?post=15690"}],"curies":[{"name":"wp","href":"https:\/\/api.w.org\/{rel}","templated":true}]}}