{"id":27722,"date":"2023-11-03T23:02:26","date_gmt":"2023-11-03T22:02:26","guid":{"rendered":"http:\/\/innocentiemangonipiante.it\/abies-alba\/"},"modified":"2023-11-06T17:02:50","modified_gmt":"2023-11-06T16:02:50","slug":"abies-alba","status":"publish","type":"product","link":"https:\/\/innocentiemangonipiante.it\/de\/abies-alba\/","title":{"rendered":"ABIES alba"},"content":{"rendered":"<p>\u201cWeisstanne\u201d. S\u00e4ulenform dunkelgr\u00fcnes Laub, Blattunterseite silbrig. Sehr geeignet f\u00fcr Benutzung in Parkanlagen und Aufforstungen.<\/p>\n","protected":false},"excerpt":{"rendered":"<p>\u201cWeisstanne\u201d. S\u00e4ulenform dunkelgr\u00fcnes Laub, Blattunterseite silbrig. Sehr geeignet f\u00fcr Benutzung in Parkanlagen und Aufforstungen.<\/p>\n","protected":false},"featured_media":19948,"template":"","meta":{"_acf_changed":false},"product_brand":[],"product_cat":[8825],"product_tag":[10898],"class_list":{"0":"post-27722","1":"product","2":"type-product","3":"status-publish","4":"has-post-thumbnail","6":"product_cat-koniferen","7":"product_tag-naturlichen","8":"pa_altezza-massima-30-meter","9":"pa_altezza-massima-40-meter","10":"pa_famiglia-pinaceae-de","11":"pa_genere-abies-de","12":"pa_origine-mitteleuropa","13":"pa_portamento-conico-de","14":"pa_resistenza-climatica-sehr-hoch","15":"pa_resistenza-del-suolo-bestandigkeit-auf-feuchten-boden","16":"pa_utilizzo-parks-de","18":"first","19":"instock","20":"purchasable","21":"product-type-simple"},"acf":[],"_links":{"self":[{"href":"https:\/\/innocentiemangonipiante.it\/de\/wp-json\/wp\/v2\/product\/27722","targetHints":{"allow":["GET"]}}],"collection":[{"href":"https:\/\/innocentiemangonipiante.it\/de\/wp-json\/wp\/v2\/product"}],"about":[{"href":"https:\/\/innocentiemangonipiante.it\/de\/wp-json\/wp\/v2\/types\/product"}],"wp:featuredmedia":[{"embeddable":true,"href":"https:\/\/innocentiemangonipiante.it\/de\/wp-json\/wp\/v2\/media\/19948"}],"wp:attachment":[{"href":"https:\/\/innocentiemangonipiante.it\/de\/wp-json\/wp\/v2\/media?parent=27722"}],"wp:term":[{"taxonomy":"product_brand","embeddable":true,"href":"https:\/\/innocentiemangonipiante.it\/de\/wp-json\/wp\/v2\/product_brand?post=27722"},{"taxonomy":"product_cat","embeddable":true,"href":"https:\/\/innocentiemangonipiante.it\/de\/wp-json\/wp\/v2\/product_cat?post=27722"},{"taxonomy":"product_tag","embeddable":true,"href":"https:\/\/innocentiemangonipiante.it\/de\/wp-json\/wp\/v2\/product_tag?post=27722"}],"curies":[{"name":"wp","href":"https:\/\/api.w.org\/{rel}","templated":true}]}}