{"id":27727,"date":"2023-11-03T23:02:48","date_gmt":"2023-11-03T22:02:48","guid":{"rendered":"http:\/\/innocentiemangonipiante.it\/abies-concolor-glauca\/"},"modified":"2023-11-06T17:03:01","modified_gmt":"2023-11-06T16:03:01","slug":"abies-concolor-glauca","status":"publish","type":"product","link":"https:\/\/innocentiemangonipiante.it\/de\/abies-concolor-glauca\/","title":{"rendered":"ABIES concolor &#8218;Glauca&#8216;"},"content":{"rendered":"<p>\u201cKolorado -Tanne\u201d. Veredelt. Kegelf\u00f6rmiger, sp\u00e4ter s\u00e4ulenf\u00f6rmiger Wuchs. Blaugr\u00fcne, weiche 4 bis 6 cm lange Nadeln. Ertr\u00e4gt sehr gut die Hitze und schwierige Situationen.<\/p>\n","protected":false},"excerpt":{"rendered":"<p>\u201cKolorado -Tanne\u201d. Veredelt. Kegelf\u00f6rmiger, sp\u00e4ter s\u00e4ulenf\u00f6rmiger Wuchs. Blaugr\u00fcne, weiche 4 bis 6 cm lange Nadeln. Ertr\u00e4gt sehr gut die Hitze und schwierige Situationen.<\/p>\n","protected":false},"featured_media":19968,"template":"","meta":{"_acf_changed":false},"product_brand":[],"product_cat":[8825],"product_tag":[10898],"class_list":{"0":"post-27727","1":"product","2":"type-product","3":"status-publish","4":"has-post-thumbnail","6":"product_cat-koniferen","7":"product_tag-naturlichen","8":"pa_altezza-massima-20-meter","9":"pa_altezza-massima-25-meter","10":"pa_famiglia-pinaceae-de","11":"pa_genere-abies-de","12":"pa_origine-u-s-a","13":"pa_portamento-conico-de","14":"pa_resistenza-climatica-sehr-hoch","15":"pa_resistenza-del-suolo-bestandig-gegen-kalkhaltige-boden","16":"pa_resistenza-del-suolo-bestandig-gegen-trockene-boden","17":"pa_resistenza-del-suolo-bestandigkeit-auf-feuchten-boden","18":"pa_utilizzo-parks-de","20":"first","21":"instock","22":"purchasable","23":"product-type-simple"},"acf":[],"_links":{"self":[{"href":"https:\/\/innocentiemangonipiante.it\/de\/wp-json\/wp\/v2\/product\/27727","targetHints":{"allow":["GET"]}}],"collection":[{"href":"https:\/\/innocentiemangonipiante.it\/de\/wp-json\/wp\/v2\/product"}],"about":[{"href":"https:\/\/innocentiemangonipiante.it\/de\/wp-json\/wp\/v2\/types\/product"}],"wp:featuredmedia":[{"embeddable":true,"href":"https:\/\/innocentiemangonipiante.it\/de\/wp-json\/wp\/v2\/media\/19968"}],"wp:attachment":[{"href":"https:\/\/innocentiemangonipiante.it\/de\/wp-json\/wp\/v2\/media?parent=27727"}],"wp:term":[{"taxonomy":"product_brand","embeddable":true,"href":"https:\/\/innocentiemangonipiante.it\/de\/wp-json\/wp\/v2\/product_brand?post=27727"},{"taxonomy":"product_cat","embeddable":true,"href":"https:\/\/innocentiemangonipiante.it\/de\/wp-json\/wp\/v2\/product_cat?post=27727"},{"taxonomy":"product_tag","embeddable":true,"href":"https:\/\/innocentiemangonipiante.it\/de\/wp-json\/wp\/v2\/product_tag?post=27727"}],"curies":[{"name":"wp","href":"https:\/\/api.w.org\/{rel}","templated":true}]}}