{"id":27730,"date":"2023-11-03T23:05:37","date_gmt":"2023-11-03T22:05:37","guid":{"rendered":"http:\/\/innocentiemangonipiante.it\/abutilon-in-varieta\/"},"modified":"2023-11-06T17:03:50","modified_gmt":"2023-11-06T16:03:50","slug":"abutilon-in-varieta","status":"publish","type":"product","link":"https:\/\/innocentiemangonipiante.it\/de\/abutilon-in-varieta\/","title":{"rendered":"ABUTILON in variet\u00e0"},"content":{"rendered":"<p>Breites Sortiment von immergr\u00fcnen, sehr dekorativen Str\u00e4uchern, ausgew\u00e4hlt f\u00fcr ihr sch\u00f6nes Laub und f\u00fcr ihr sch\u00f6nes Laub und f\u00fcr die reiche Produktion an Gl\u00f6ckchenf\u00f6rmigen herabh\u00e4ngenden Bl\u00fcten, von April bis September.<\/p>\n","protected":false},"excerpt":{"rendered":"<p>Breites Sortiment von immergr\u00fcnen, sehr dekorativen Str\u00e4uchern, ausgew\u00e4hlt f\u00fcr ihr sch\u00f6nes Laub und f\u00fcr ihr sch\u00f6nes Laub und f\u00fcr die reiche Produktion an Gl\u00f6ckchenf\u00f6rmigen herabh\u00e4ngenden Bl\u00fcten, von April bis September.<\/p>\n","protected":false},"featured_media":19981,"template":"","meta":{"_acf_changed":false},"product_brand":[],"product_cat":[8318],"product_tag":[10898],"class_list":{"0":"post-27730","1":"product","2":"type-product","3":"status-publish","4":"has-post-thumbnail","6":"product_cat-keine-kategorie","7":"product_tag-naturlichen","8":"pa_altezza-massima-150-de","9":"pa_altezza-massima-200-de","10":"pa_colore-fioritura-orangefarbenes","11":"pa_famiglia-malvaceae-de","12":"pa_genere-abutilon-de","13":"pa_origine-brasilien","14":"pa_periodo-fioritura-april-de","15":"pa_periodo-fioritura-august-de","16":"pa_periodo-fioritura-juli","17":"pa_periodo-fioritura-juni","18":"pa_periodo-fioritura-mai-de","19":"pa_periodo-fioritura-september-de","20":"pa_portamento-arrotondato-de","21":"pa_resistenza-climatica-pflanzen-mit-geringem-klimawiderstand","22":"pa_resistenza-del-suolo-bestandig-gegen-kalkhaltige-boden","23":"pa_salinita-bestaendigkeit-in-meeresluft","24":"pa_utilizzo-balkone","25":"pa_utilizzo-im-innen","26":"pa_utilizzo-kleine-gaerten","28":"first","29":"instock","30":"purchasable","31":"product-type-simple"},"acf":[],"_links":{"self":[{"href":"https:\/\/innocentiemangonipiante.it\/de\/wp-json\/wp\/v2\/product\/27730","targetHints":{"allow":["GET"]}}],"collection":[{"href":"https:\/\/innocentiemangonipiante.it\/de\/wp-json\/wp\/v2\/product"}],"about":[{"href":"https:\/\/innocentiemangonipiante.it\/de\/wp-json\/wp\/v2\/types\/product"}],"wp:featuredmedia":[{"embeddable":true,"href":"https:\/\/innocentiemangonipiante.it\/de\/wp-json\/wp\/v2\/media\/19981"}],"wp:attachment":[{"href":"https:\/\/innocentiemangonipiante.it\/de\/wp-json\/wp\/v2\/media?parent=27730"}],"wp:term":[{"taxonomy":"product_brand","embeddable":true,"href":"https:\/\/innocentiemangonipiante.it\/de\/wp-json\/wp\/v2\/product_brand?post=27730"},{"taxonomy":"product_cat","embeddable":true,"href":"https:\/\/innocentiemangonipiante.it\/de\/wp-json\/wp\/v2\/product_cat?post=27730"},{"taxonomy":"product_tag","embeddable":true,"href":"https:\/\/innocentiemangonipiante.it\/de\/wp-json\/wp\/v2\/product_tag?post=27730"}],"curies":[{"name":"wp","href":"https:\/\/api.w.org\/{rel}","templated":true}]}}