{"id":27731,"date":"2023-11-03T23:06:27","date_gmt":"2023-11-03T22:06:27","guid":{"rendered":"http:\/\/innocentiemangonipiante.it\/acacia-decurrens-rustica-2\/"},"modified":"2023-11-06T17:04:37","modified_gmt":"2023-11-06T16:04:37","slug":"acacia-decurrens-rustica","status":"publish","type":"product","link":"https:\/\/innocentiemangonipiante.it\/de\/acacia-decurrens-rustica\/","title":{"rendered":"ACACIA decurrens &#8218;Rustica&#8216;"},"content":{"rendered":"<p>Veredelt. Immergr\u00fcn graugr\u00fcnes Laub Bl\u00fcte im Februar.<\/p>\n","protected":false},"excerpt":{"rendered":"<p>Veredelt. Immergr\u00fcn graugr\u00fcnes Laub Bl\u00fcte im Februar.<\/p>\n","protected":false},"featured_media":0,"template":"","meta":{"_acf_changed":false},"product_brand":[],"product_cat":[8816],"product_tag":[10898],"class_list":{"0":"post-27731","1":"product","2":"type-product","3":"status-publish","5":"product_cat-hartnaeckige-baeume-und-straeucher","6":"product_tag-naturlichen","7":"pa_altezza-massima-1000-de-2","8":"pa_altezza-massima-15-meter","9":"pa_colore-delle-foglie-grauen","10":"pa_colore-fioritura-gelbe","11":"pa_famiglia-leguminosae-de","12":"pa_genere-acacia-de","13":"pa_origine-sudeuropa-de","14":"pa_periodo-fioritura-februar","15":"pa_portamento-arrotondato-de","16":"pa_profumo-intensiv","17":"pa_resistenza-climatica-mittel","18":"pa_resistenza-del-suolo-bestandig-gegen-trockene-boden","19":"pa_salinita-bestaendigkeit-in-meeresluft","20":"pa_utilizzo-parks-de","22":"first","23":"instock","24":"purchasable","25":"product-type-simple"},"acf":[],"_links":{"self":[{"href":"https:\/\/innocentiemangonipiante.it\/de\/wp-json\/wp\/v2\/product\/27731","targetHints":{"allow":["GET"]}}],"collection":[{"href":"https:\/\/innocentiemangonipiante.it\/de\/wp-json\/wp\/v2\/product"}],"about":[{"href":"https:\/\/innocentiemangonipiante.it\/de\/wp-json\/wp\/v2\/types\/product"}],"wp:attachment":[{"href":"https:\/\/innocentiemangonipiante.it\/de\/wp-json\/wp\/v2\/media?parent=27731"}],"wp:term":[{"taxonomy":"product_brand","embeddable":true,"href":"https:\/\/innocentiemangonipiante.it\/de\/wp-json\/wp\/v2\/product_brand?post=27731"},{"taxonomy":"product_cat","embeddable":true,"href":"https:\/\/innocentiemangonipiante.it\/de\/wp-json\/wp\/v2\/product_cat?post=27731"},{"taxonomy":"product_tag","embeddable":true,"href":"https:\/\/innocentiemangonipiante.it\/de\/wp-json\/wp\/v2\/product_tag?post=27731"}],"curies":[{"name":"wp","href":"https:\/\/api.w.org\/{rel}","templated":true}]}}