{"id":27734,"date":"2023-11-03T23:07:34","date_gmt":"2023-11-03T22:07:34","guid":{"rendered":"http:\/\/innocentiemangonipiante.it\/acer-campestre-elsrijk\/"},"modified":"2023-11-06T17:05:13","modified_gmt":"2023-11-06T16:05:13","slug":"acer-campestre-elsrijk","status":"publish","type":"product","link":"https:\/\/innocentiemangonipiante.it\/de\/acer-campestre-elsrijk\/","title":{"rendered":"ACER campestre &#8218;Elsrijk&#8216;"},"content":{"rendered":"<p>Sommergr\u00fcner mittelgr\u00f6\u00dfer Baum mit kegelf\u00f6rmigem Habitus und mit mattgr\u00fcnen Bl\u00e4ttern, die sich im Herbst gelb f\u00e4rben. Interessanter Baum f\u00fcr Strassen und Alleen.<\/p>\n","protected":false},"excerpt":{"rendered":"<p>Sommergr\u00fcner mittelgr\u00f6\u00dfer Baum mit kegelf\u00f6rmigem Habitus und mit mattgr\u00fcnen Bl\u00e4ttern, die sich im Herbst gelb f\u00e4rben. Interessanter Baum f\u00fcr Strassen und Alleen.<\/p>\n","protected":false},"featured_media":19995,"template":"","meta":{"_acf_changed":false},"product_brand":[],"product_cat":[8813,9231],"product_tag":[10898],"class_list":{"0":"post-27734","1":"product","2":"type-product","3":"status-publish","4":"has-post-thumbnail","6":"product_cat-laubbaume-und-straucher","7":"product_cat-baume-und-pflanzen-der-zukunft","8":"product_tag-naturlichen","9":"pa_altezza-massima-600-de","10":"pa_altezza-massima-12-meter","11":"pa_famiglia-aceraceae-de","12":"pa_genere-acer-de","13":"pa_inquinamento-bestaendigkeit-gegen-smog","14":"pa_origine-holland-de","15":"pa_portamento-piramidale-de","16":"pa_resistenza-climatica-sehr-hoch","17":"pa_resistenza-del-suolo-bestandig-gegen-kalkhaltige-boden","18":"pa_resistenza-del-suolo-bestandig-gegen-trockene-boden","19":"pa_resistenza-del-suolo-resistent-gegen-arme-boeden","20":"pa_salinita-bestaendigkeit-in-meeresluft","21":"pa_utilizzo-alleen","22":"pa_utilizzo-parks-de","24":"first","25":"instock","26":"purchasable","27":"product-type-simple"},"acf":[],"_links":{"self":[{"href":"https:\/\/innocentiemangonipiante.it\/de\/wp-json\/wp\/v2\/product\/27734","targetHints":{"allow":["GET"]}}],"collection":[{"href":"https:\/\/innocentiemangonipiante.it\/de\/wp-json\/wp\/v2\/product"}],"about":[{"href":"https:\/\/innocentiemangonipiante.it\/de\/wp-json\/wp\/v2\/types\/product"}],"wp:featuredmedia":[{"embeddable":true,"href":"https:\/\/innocentiemangonipiante.it\/de\/wp-json\/wp\/v2\/media\/19995"}],"wp:attachment":[{"href":"https:\/\/innocentiemangonipiante.it\/de\/wp-json\/wp\/v2\/media?parent=27734"}],"wp:term":[{"taxonomy":"product_brand","embeddable":true,"href":"https:\/\/innocentiemangonipiante.it\/de\/wp-json\/wp\/v2\/product_brand?post=27734"},{"taxonomy":"product_cat","embeddable":true,"href":"https:\/\/innocentiemangonipiante.it\/de\/wp-json\/wp\/v2\/product_cat?post=27734"},{"taxonomy":"product_tag","embeddable":true,"href":"https:\/\/innocentiemangonipiante.it\/de\/wp-json\/wp\/v2\/product_tag?post=27734"}],"curies":[{"name":"wp","href":"https:\/\/api.w.org\/{rel}","templated":true}]}}